{"id":539,"date":"2025-04-14T17:51:23","date_gmt":"2025-04-14T14:51:23","guid":{"rendered":"https:\/\/ucuzspotcu.com\/cikma\/?post_type=product&#038;p=539"},"modified":"2025-04-14T17:51:23","modified_gmt":"2025-04-14T14:51:23","slug":"sifir-ve-ikinci-el-trapez-sac-ikinci-el-fiyatlari-ve-cesitlerini-guvenilir-makine-saticilarindan","status":"publish","type":"product","link":"https:\/\/ucuzspotcu.com\/cikma\/urun\/sifir-ve-ikinci-el-trapez-sac-ikinci-el-fiyatlari-ve-cesitlerini-guvenilir-makine-saticilarindan\/","title":{"rendered":"S\u0131f\u0131r ve ikinci el Trapez Sac \u0130kinci El fiyatlar\u0131 ve \u00e7e\u015fitlerini g\u00fcvenilir makine sat\u0131c\u0131lar\u0131ndan"},"content":{"rendered":"<p><img loading=\"lazy\" decoding=\"async\" src=\"https:\/\/ucuzspotcu.com\/cikma\/wp-content\/uploads\/2025\/04\/Sifir-ve-ikinci-el-Trapez-Sac-Ikinci-El-fiyatlari-ve-1.png\" alt=\"\" width=\"1048\" height=\"546\" class=\"aligncenter size-full wp-image-542\" title=\"\" srcset=\"https:\/\/ucuzspotcu.com\/cikma\/wp-content\/uploads\/2025\/04\/Sifir-ve-ikinci-el-Trapez-Sac-Ikinci-El-fiyatlari-ve-1.png 1048w, https:\/\/ucuzspotcu.com\/cikma\/wp-content\/uploads\/2025\/04\/Sifir-ve-ikinci-el-Trapez-Sac-Ikinci-El-fiyatlari-ve-1-300x156.png 300w, https:\/\/ucuzspotcu.com\/cikma\/wp-content\/uploads\/2025\/04\/Sifir-ve-ikinci-el-Trapez-Sac-Ikinci-El-fiyatlari-ve-1-1024x533.png 1024w, https:\/\/ucuzspotcu.com\/cikma\/wp-content\/uploads\/2025\/04\/Sifir-ve-ikinci-el-Trapez-Sac-Ikinci-El-fiyatlari-ve-1-768x400.png 768w, https:\/\/ucuzspotcu.com\/cikma\/wp-content\/uploads\/2025\/04\/Sifir-ve-ikinci-el-Trapez-Sac-Ikinci-El-fiyatlari-ve-1-600x313.png 600w\" sizes=\"auto, (max-width: 1048px) 100vw, 1048px\" \/><\/p>\n<p><img loading=\"lazy\" decoding=\"async\" src=\"https:\/\/ucuzspotcu.com\/cikma\/wp-content\/uploads\/2025\/04\/Sifir-ve-ikinci-el-Trapez-Sac-Ikinci-El-fiyatlari-ve-2.png\" alt=\"\" width=\"828\" height=\"602\" class=\"aligncenter size-full wp-image-541\" title=\"\" srcset=\"https:\/\/ucuzspotcu.com\/cikma\/wp-content\/uploads\/2025\/04\/Sifir-ve-ikinci-el-Trapez-Sac-Ikinci-El-fiyatlari-ve-2.png 828w, https:\/\/ucuzspotcu.com\/cikma\/wp-content\/uploads\/2025\/04\/Sifir-ve-ikinci-el-Trapez-Sac-Ikinci-El-fiyatlari-ve-2-300x218.png 300w, https:\/\/ucuzspotcu.com\/cikma\/wp-content\/uploads\/2025\/04\/Sifir-ve-ikinci-el-Trapez-Sac-Ikinci-El-fiyatlari-ve-2-768x558.png 768w, https:\/\/ucuzspotcu.com\/cikma\/wp-content\/uploads\/2025\/04\/Sifir-ve-ikinci-el-Trapez-Sac-Ikinci-El-fiyatlari-ve-2-600x436.png 600w\" sizes=\"auto, (max-width: 828px) 100vw, 828px\" \/><\/p>\n","protected":false},"excerpt":{"rendered":"<p>S\u0131f\u0131r ve ikinci el Trapez Sac \u0130kinci El fiyatlar\u0131 ve \u00e7e\u015fitlerini g\u00fcvenilir makine sat\u0131c\u0131lar\u0131ndan 2. el trapez saclar kullan\u0131m esnas\u0131nda sa\u011flanan \u00e7ok say\u0131da avantaj 2.el trapez sa\u00e7 fiyatlar\u0131 sahibinden<br \/>\n2.el trapez sa\u00e7 fiyatlar\u0131 letgo<br \/>\n2.el trapez sa\u00e7 fiyatlar\u0131 letgo izmit kocaeli yak\u0131n\u0131nda<br \/>\n2.el \u00e7at\u0131 sac\u0131 fiyatlar\u0131 sebebiyle de\u011ferlidir. Trapez saclar hafif olduklar\u0131 i\u00e7in pek \u00e7ok yap\u0131 projesinin ta\u015f\u0131y\u0131c\u0131  <\/p>\n","protected":false},"featured_media":541,"template":"","meta":[],"product_brand":[],"product_cat":[15],"product_tag":[],"class_list":{"0":"post-539","1":"product","2":"type-product","3":"status-publish","4":"has-post-thumbnail","6":"product_cat-ikinci-el-esya","8":"first","9":"instock","10":"sale","11":"shipping-taxable","12":"purchasable","13":"product-type-simple"},"_links":{"self":[{"href":"https:\/\/ucuzspotcu.com\/cikma\/wp-json\/wp\/v2\/product\/539","targetHints":{"allow":["GET"]}}],"collection":[{"href":"https:\/\/ucuzspotcu.com\/cikma\/wp-json\/wp\/v2\/product"}],"about":[{"href":"https:\/\/ucuzspotcu.com\/cikma\/wp-json\/wp\/v2\/types\/product"}],"wp:featuredmedia":[{"embeddable":true,"href":"https:\/\/ucuzspotcu.com\/cikma\/wp-json\/wp\/v2\/media\/541"}],"wp:attachment":[{"href":"https:\/\/ucuzspotcu.com\/cikma\/wp-json\/wp\/v2\/media?parent=539"}],"wp:term":[{"taxonomy":"product_brand","embeddable":true,"href":"https:\/\/ucuzspotcu.com\/cikma\/wp-json\/wp\/v2\/product_brand?post=539"},{"taxonomy":"product_cat","embeddable":true,"href":"https:\/\/ucuzspotcu.com\/cikma\/wp-json\/wp\/v2\/product_cat?post=539"},{"taxonomy":"product_tag","embeddable":true,"href":"https:\/\/ucuzspotcu.com\/cikma\/wp-json\/wp\/v2\/product_tag?post=539"}],"curies":[{"name":"wp","href":"https:\/\/api.w.org\/{rel}","templated":true}]}}