{"id":516,"date":"2024-10-10T09:14:49","date_gmt":"2024-10-10T06:14:49","guid":{"rendered":"https:\/\/ucuzspotcu.com\/cikma\/?post_type=product&#038;p=516"},"modified":"2024-10-10T09:16:37","modified_gmt":"2024-10-10T06:16:37","slug":"ikinci-el-mibzer-mibzer-makinalarinin-ve-ekipmanlarinin-yer-aldigi-bir-makina-alis-satis","status":"publish","type":"product","link":"https:\/\/ucuzspotcu.com\/cikma\/urun\/ikinci-el-mibzer-mibzer-makinalarinin-ve-ekipmanlarinin-yer-aldigi-bir-makina-alis-satis\/","title":{"rendered":"ikinci el mibzer mibzer makinalar\u0131n\u0131n ve ekipmanlar\u0131n\u0131n yer ald\u0131\u011f\u0131 bir makina al\u0131\u015f sat\u0131\u015f"},"content":{"rendered":"<p><strong>Mibzer ne eker?<\/strong><br \/>\n\u00dcR\u00dcNLER. \u00d6ZD\u00d6KEN Model HBM serisi kombine hububat mibzerleri ile bu\u011fday, arpa, yulaf, mercimek, nohut, fasulye gibi tohumlar\u0131n ekimi yap\u0131labilir.<\/p>\n<p><strong>Mibzer nedir ne i\u015fe yarar?<\/strong><br \/>\nMibzer veya tohum ekici (Ayr\u0131ca \u00e7apa matkab\u0131 ve ekim makinesi de denir.) tohum atmak i\u00e7in kullan\u0131lan bir tar\u0131m aletidir. Tar\u0131mda kullan\u0131lan bu alet, \u00dcr\u00fcnlerin \u00fcretimi i\u00e7in tohumlar\u0131 toprak i\u00e7ine i\u00e7ine yerle\u015ftirip eken ve belirli bir derinli\u011fe g\u00f6mer. Bu, tohumlar\u0131n toprakta e\u015fit olarak da\u011f\u0131lmas\u0131n\u0131 sa\u011flar.<\/p>\n<p><img loading=\"lazy\" decoding=\"async\" src=\"https:\/\/ucuzspotcu.com\/cikma\/wp-content\/uploads\/2024\/10\/ikinci-el-mibzer-1.png\" alt=\"\" width=\"973\" height=\"621\" class=\"aligncenter size-full wp-image-519\" title=\"\" srcset=\"https:\/\/ucuzspotcu.com\/cikma\/wp-content\/uploads\/2024\/10\/ikinci-el-mibzer-1.png 973w, https:\/\/ucuzspotcu.com\/cikma\/wp-content\/uploads\/2024\/10\/ikinci-el-mibzer-1-300x191.png 300w, https:\/\/ucuzspotcu.com\/cikma\/wp-content\/uploads\/2024\/10\/ikinci-el-mibzer-1-768x490.png 768w, https:\/\/ucuzspotcu.com\/cikma\/wp-content\/uploads\/2024\/10\/ikinci-el-mibzer-1-600x383.png 600w\" sizes=\"auto, (max-width: 973px) 100vw, 973px\" \/><\/p>\n","protected":false},"excerpt":{"rendered":"<p>Sahibinden ve se\u00e7kin ma\u011fazalardan ikinci el i\u015f makinalar\u0131, \u0130kinci el ve s\u0131f\u0131r Ekim Mibzeri \u00e7e\u015fitlerini g\u00fcvenilir makine sat\u0131c\u0131lar\u0131ndan 2014 MODEL 22 L\u0130 BALON LAST\u0130K G\u00dcNE\u015eLER HUBUBAT M\u0130BZER \u00dcR\u00dcN\u00dc \u0130NCELE trakt\u00f6rler, jenerat\u00f6r ve sanayi makinalar\u0131 T\u00fcrkiye&#8217;nin s\u0131f\u0131r ve 2. el \u015fakalak mibzer makinalar\u0131n\u0131n ve ekipmanlar\u0131n\u0131n yer ald\u0131\u011f\u0131 bir makina al\u0131\u015f sat\u0131\u015f platformudur. ilan sitesi Afyon sand\u0131kl\u0131 dan s\u0131f\u0131r ayarinda bikere kulanilmis Bozkurt mimzer tertemiz 70 degar yer ekmi\u015ftir Mibzer ikinci el ara\u00e7, Via Tarim Makinesi sitesi \u00fczerinde 54 adet sat\u0131l\u0131k Mibzer ilan\u0131 &#8211; al\u0131m\u0131,<\/p>\n","protected":false},"featured_media":517,"template":"","meta":[],"product_brand":[],"product_cat":[31],"product_tag":[],"class_list":{"0":"post-516","1":"product","2":"type-product","3":"status-publish","4":"has-post-thumbnail","6":"product_cat-ikinci-el-is-makineleri","8":"first","9":"instock","10":"sale","11":"shipping-taxable","12":"purchasable","13":"product-type-simple"},"_links":{"self":[{"href":"https:\/\/ucuzspotcu.com\/cikma\/wp-json\/wp\/v2\/product\/516","targetHints":{"allow":["GET"]}}],"collection":[{"href":"https:\/\/ucuzspotcu.com\/cikma\/wp-json\/wp\/v2\/product"}],"about":[{"href":"https:\/\/ucuzspotcu.com\/cikma\/wp-json\/wp\/v2\/types\/product"}],"wp:featuredmedia":[{"embeddable":true,"href":"https:\/\/ucuzspotcu.com\/cikma\/wp-json\/wp\/v2\/media\/517"}],"wp:attachment":[{"href":"https:\/\/ucuzspotcu.com\/cikma\/wp-json\/wp\/v2\/media?parent=516"}],"wp:term":[{"taxonomy":"product_brand","embeddable":true,"href":"https:\/\/ucuzspotcu.com\/cikma\/wp-json\/wp\/v2\/product_brand?post=516"},{"taxonomy":"product_cat","embeddable":true,"href":"https:\/\/ucuzspotcu.com\/cikma\/wp-json\/wp\/v2\/product_cat?post=516"},{"taxonomy":"product_tag","embeddable":true,"href":"https:\/\/ucuzspotcu.com\/cikma\/wp-json\/wp\/v2\/product_tag?post=516"}],"curies":[{"name":"wp","href":"https:\/\/api.w.org\/{rel}","templated":true}]}}