{"id":506,"date":"2024-09-30T09:40:27","date_gmt":"2024-09-30T06:40:27","guid":{"rendered":"https:\/\/ucuzspotcu.com\/cikma\/?post_type=product&#038;p=506"},"modified":"2024-09-30T09:40:27","modified_gmt":"2024-09-30T06:40:27","slug":"defolu-koltuk-takimi-bellona-bellona-valdes-koltuk-takimi-3311","status":"publish","type":"product","link":"https:\/\/ucuzspotcu.com\/cikma\/urun\/defolu-koltuk-takimi-bellona-bellona-valdes-koltuk-takimi-3311\/","title":{"rendered":"defolu koltuk tak\u0131m\u0131 bellona BELLONA VALDES KOLTUK TAKIMI (3+3+1+1)"},"content":{"rendered":"","protected":false},"excerpt":{"rendered":"<p>defolu koltuk tak\u0131m\u0131 <strong><a href=\"https:\/\/www.bellona.com.tr\/\">bellona<\/a><\/strong> Salonunuzu tamamlayacak koltuk Salon ve oturma odas\u0131 i\u00e7in k\u00f6\u015fe koltuk modelleri, ikili ve \u00fc\u00e7l\u00fc kanepeler, berjer ve Bellona Koltuk Tak\u0131m\u0131 Ve Yatak Odas\u0131 Defolu Ve Te\u015fhir \u00dcr\u00fcn\u00fc bellona koltuk-takimlari fiyatlar\u0131<br \/>\nistikbal koltuk tak\u0131m\u0131 3+3+1+1 Sat\u0131n ald\u0131m loren koltuk tak\u0131m\u0131ndan gelen kanepelerden olu\u015fan Bellona koltuk tak\u0131m\u0131 tak\u0131m\u0131 modelleri burada! Bellona&#8217;da en yeni koltuk tak\u0131m\u0131 se\u00e7eneklerini ke\u015ffedin ve konforlu bir oturma alan\u0131 yarat\u0131n. Bellona salon oturma odas\u0131 mobilya ile evinize \u015f\u0131kl\u0131k kat\u0131n. Konforlu ve modern tasar\u0131mlar, En rahat ve \u015f\u0131k oturma odas\u0131 mobilyalar\u0131 Bellona&#8217;da! Evinizin kalbinde keyifli anlar ge\u00e7irmek ve<\/p>\n","protected":false},"featured_media":507,"template":"","meta":[],"product_brand":[],"product_cat":[32,33],"product_tag":[],"class_list":{"0":"post-506","1":"product","2":"type-product","3":"status-publish","4":"has-post-thumbnail","6":"product_cat-ikinci-el-mobilya","7":"product_cat-spot-defolu-esya","9":"first","10":"instock","11":"sale","12":"shipping-taxable","13":"purchasable","14":"product-type-simple"},"_links":{"self":[{"href":"https:\/\/ucuzspotcu.com\/cikma\/wp-json\/wp\/v2\/product\/506","targetHints":{"allow":["GET"]}}],"collection":[{"href":"https:\/\/ucuzspotcu.com\/cikma\/wp-json\/wp\/v2\/product"}],"about":[{"href":"https:\/\/ucuzspotcu.com\/cikma\/wp-json\/wp\/v2\/types\/product"}],"wp:featuredmedia":[{"embeddable":true,"href":"https:\/\/ucuzspotcu.com\/cikma\/wp-json\/wp\/v2\/media\/507"}],"wp:attachment":[{"href":"https:\/\/ucuzspotcu.com\/cikma\/wp-json\/wp\/v2\/media?parent=506"}],"wp:term":[{"taxonomy":"product_brand","embeddable":true,"href":"https:\/\/ucuzspotcu.com\/cikma\/wp-json\/wp\/v2\/product_brand?post=506"},{"taxonomy":"product_cat","embeddable":true,"href":"https:\/\/ucuzspotcu.com\/cikma\/wp-json\/wp\/v2\/product_cat?post=506"},{"taxonomy":"product_tag","embeddable":true,"href":"https:\/\/ucuzspotcu.com\/cikma\/wp-json\/wp\/v2\/product_tag?post=506"}],"curies":[{"name":"wp","href":"https:\/\/api.w.org\/{rel}","templated":true}]}}