{"id":501,"date":"2024-08-28T13:59:21","date_gmt":"2024-08-28T10:59:21","guid":{"rendered":"https:\/\/ucuzspotcu.com\/cikma\/?post_type=product&#038;p=501"},"modified":"2024-08-28T13:59:21","modified_gmt":"2024-08-28T10:59:21","slug":"cikma-sinema-koltugu-250-tane-saglam-siyah-renkli","status":"publish","type":"product","link":"https:\/\/ucuzspotcu.com\/cikma\/urun\/cikma-sinema-koltugu-250-tane-saglam-siyah-renkli\/","title":{"rendered":"\u00c7\u0131kma sinema koltu\u011fu 250 tane sa\u011flam siyah renkli"},"content":{"rendered":"<p><strong>Sinema \u00e7ift koltuk nedir?<\/strong><br \/>\nAsl\u0131nda herhangi bir fark yok. Bu sadece, etkinlik mekan\u0131ndaki koltuklar\u0131n tek s\u0131ralar ve \u00e7ift s\u0131ralar olarak numaraland\u0131r\u0131lmas\u0131ndan kaynaklan\u0131yor.<\/p>\n<p><strong>Yatakl\u0131 sinema ne kadar?<\/strong><br \/>\nBir sinemadan fazlas\u0131 &#8216;yatakl\u0131 sinema&#8217;: Uyuklayanlar, tad\u0131n\u0131 &#8230;<br \/>\n\u201cYatakl\u0131 salona y\u0131lda 5 kez zam geldi. \u015eu anda g\u00fcncel fiyat 418 TL. Bu iki ki\u015filik bilet \u00fccreti. Filmi tek ki\u015fi bile yatarak izlemek isterse \u00f6deyece\u011fi fiyat 418 Lira<\/p>\n","protected":false},"excerpt":{"rendered":"<p>\u00c7\u0131kma sinema koltu\u011fu Plastik De\u011fil % 100 Metal \u0130\u00e7 \u0130skelet\/Resmi TV Koltuklar\u0131 ; La-Z-Boy Sinema Koltu\u011fu modellerinin \u00fcr\u00fcn ve yorumlar\u0131n\u0131 kar\u015f\u0131la\u015ft\u0131r, en uygun fiyat\u0131n\u0131 ka\u00e7\u0131rma. Nora Sallan\u0131r TV Koltu\u011fu (lazboy) Kurumlar Metal Olmayan \u0130\u00e7 \u0130skelete Kabul Onay\u0131. Sinema Koltu\u011fu modelleri en ucuz fiyat se\u00e7enekleriyle <\/p>\n","protected":false},"featured_media":503,"template":"","meta":[],"product_brand":[],"product_cat":[32],"product_tag":[],"class_list":{"0":"post-501","1":"product","2":"type-product","3":"status-publish","4":"has-post-thumbnail","6":"product_cat-ikinci-el-mobilya","8":"first","9":"instock","10":"sale","11":"shipping-taxable","12":"purchasable","13":"product-type-simple"},"_links":{"self":[{"href":"https:\/\/ucuzspotcu.com\/cikma\/wp-json\/wp\/v2\/product\/501","targetHints":{"allow":["GET"]}}],"collection":[{"href":"https:\/\/ucuzspotcu.com\/cikma\/wp-json\/wp\/v2\/product"}],"about":[{"href":"https:\/\/ucuzspotcu.com\/cikma\/wp-json\/wp\/v2\/types\/product"}],"wp:featuredmedia":[{"embeddable":true,"href":"https:\/\/ucuzspotcu.com\/cikma\/wp-json\/wp\/v2\/media\/503"}],"wp:attachment":[{"href":"https:\/\/ucuzspotcu.com\/cikma\/wp-json\/wp\/v2\/media?parent=501"}],"wp:term":[{"taxonomy":"product_brand","embeddable":true,"href":"https:\/\/ucuzspotcu.com\/cikma\/wp-json\/wp\/v2\/product_brand?post=501"},{"taxonomy":"product_cat","embeddable":true,"href":"https:\/\/ucuzspotcu.com\/cikma\/wp-json\/wp\/v2\/product_cat?post=501"},{"taxonomy":"product_tag","embeddable":true,"href":"https:\/\/ucuzspotcu.com\/cikma\/wp-json\/wp\/v2\/product_tag?post=501"}],"curies":[{"name":"wp","href":"https:\/\/api.w.org\/{rel}","templated":true}]}}