{"id":497,"date":"2024-08-24T08:09:39","date_gmt":"2024-08-24T05:09:39","guid":{"rendered":"https:\/\/ucuzspotcu.com\/cikma\/?post_type=product&#038;p=497"},"modified":"2024-08-24T08:09:49","modified_gmt":"2024-08-24T05:09:49","slug":"agac-direkler-12-metreye-kadar-dumduz-agac-direk","status":"publish","type":"product","link":"https:\/\/ucuzspotcu.com\/cikma\/urun\/agac-direkler-12-metreye-kadar-dumduz-agac-direk\/","title":{"rendered":"A\u011fa\u00e7 direkler (12 metreye kadar d\u00fcmd\u00fcz a\u011fa\u00e7 direk)"},"content":{"rendered":"<p>A\u011fa\u00e7 elektrik direkleri aras\u0131 ka\u00e7 metre?<br \/>\nBoylar\u0131 9 m-25 m aras\u0131nda de\u011fi\u015fir. A\u011fa\u00e7, beton ve demir direk olarak imal edilirler. Orta gerilimde a\u011fa\u00e7 direkler acil durumlar i\u00e7in kullan\u0131l\u0131rken genelde demir veya beton direkler tercih edilir. <\/p>\n<p>Ah\u015fap elektrik direkleri hangi a\u011fa\u00e7tan yap\u0131l\u0131r?<br \/>\nT\u00fcrkiyede tel direkleri i\u011fne yapraklan ve yaprakl\u0131 a\u011fa\u00e7 nevilerinden imal edilmekte- dir. 1. \u0130\u011fne yaprakl\u0131 a\u011fa\u00e7lar: Tel dire\u011fi istihsaline elveri\u015fli i\u011fne yap- rakl\u0131 a\u011fa\u00e7 nevileri \u00e7am, goknar, ladin, sedir ve ard\u0131\u00e7d\u0131r.<\/p>\n","protected":false},"excerpt":{"rendered":"<p>A\u011fa\u00e7 direkler 12 metreye kadar elektrik dire\u011fi bulunur. ikinci el 10 Adet 2 Metre Ah\u015fap Direk Ah\u015fap Direk Fidan Destek Kaz\u0131klar\u0131 en iyi \u00f6zellikleri ve ger\u00e7ek Fiyat metre baz\u0131ndad\u0131r. 10 metre ve \u00fczerinde fiyat <\/p>\n","protected":false},"featured_media":498,"template":"","meta":[],"product_brand":[],"product_cat":[32],"product_tag":[],"class_list":{"0":"post-497","1":"product","2":"type-product","3":"status-publish","4":"has-post-thumbnail","6":"product_cat-ikinci-el-mobilya","8":"first","9":"instock","10":"sale","11":"shipping-taxable","12":"purchasable","13":"product-type-simple"},"_links":{"self":[{"href":"https:\/\/ucuzspotcu.com\/cikma\/wp-json\/wp\/v2\/product\/497","targetHints":{"allow":["GET"]}}],"collection":[{"href":"https:\/\/ucuzspotcu.com\/cikma\/wp-json\/wp\/v2\/product"}],"about":[{"href":"https:\/\/ucuzspotcu.com\/cikma\/wp-json\/wp\/v2\/types\/product"}],"wp:featuredmedia":[{"embeddable":true,"href":"https:\/\/ucuzspotcu.com\/cikma\/wp-json\/wp\/v2\/media\/498"}],"wp:attachment":[{"href":"https:\/\/ucuzspotcu.com\/cikma\/wp-json\/wp\/v2\/media?parent=497"}],"wp:term":[{"taxonomy":"product_brand","embeddable":true,"href":"https:\/\/ucuzspotcu.com\/cikma\/wp-json\/wp\/v2\/product_brand?post=497"},{"taxonomy":"product_cat","embeddable":true,"href":"https:\/\/ucuzspotcu.com\/cikma\/wp-json\/wp\/v2\/product_cat?post=497"},{"taxonomy":"product_tag","embeddable":true,"href":"https:\/\/ucuzspotcu.com\/cikma\/wp-json\/wp\/v2\/product_tag?post=497"}],"curies":[{"name":"wp","href":"https:\/\/api.w.org\/{rel}","templated":true}]}}