{"id":494,"date":"2024-08-20T09:16:10","date_gmt":"2024-08-20T06:16:10","guid":{"rendered":"https:\/\/ucuzspotcu.com\/cikma\/?post_type=product&#038;p=494"},"modified":"2024-08-20T09:16:10","modified_gmt":"2024-08-20T06:16:10","slug":"demir-duvar-uzerine-korkuluk-saglam-ve-iyi-durumda-cikma-korkuluk","status":"publish","type":"product","link":"https:\/\/ucuzspotcu.com\/cikma\/urun\/demir-duvar-uzerine-korkuluk-saglam-ve-iyi-durumda-cikma-korkuluk\/","title":{"rendered":"Demir duvar \u00fczerine korkuluk sa\u011flam ve iyi durumda \u00e7\u0131kma korkuluk"},"content":{"rendered":"<p><img loading=\"lazy\" decoding=\"async\" src=\"https:\/\/ucuzspotcu.com\/cikma\/wp-content\/uploads\/2024\/08\/saglam-ve-iyi-durumda-cikma-korkuluk-1.png\" alt=\"\" width=\"987\" height=\"626\" class=\"aligncenter size-full wp-image-495\" title=\"\" srcset=\"https:\/\/ucuzspotcu.com\/cikma\/wp-content\/uploads\/2024\/08\/saglam-ve-iyi-durumda-cikma-korkuluk-1.png 987w, https:\/\/ucuzspotcu.com\/cikma\/wp-content\/uploads\/2024\/08\/saglam-ve-iyi-durumda-cikma-korkuluk-1-300x190.png 300w, https:\/\/ucuzspotcu.com\/cikma\/wp-content\/uploads\/2024\/08\/saglam-ve-iyi-durumda-cikma-korkuluk-1-768x487.png 768w, https:\/\/ucuzspotcu.com\/cikma\/wp-content\/uploads\/2024\/08\/saglam-ve-iyi-durumda-cikma-korkuluk-1-600x381.png 600w\" sizes=\"auto, (max-width: 987px) 100vw, 987px\" \/><\/p>\n<p><img loading=\"lazy\" decoding=\"async\" src=\"https:\/\/ucuzspotcu.com\/cikma\/wp-content\/uploads\/2024\/08\/saglam-ve-iyi-durumda-cikma-korkuluk-2.png\" alt=\"\" width=\"967\" height=\"624\" class=\"aligncenter size-full wp-image-496\" title=\"\" srcset=\"https:\/\/ucuzspotcu.com\/cikma\/wp-content\/uploads\/2024\/08\/saglam-ve-iyi-durumda-cikma-korkuluk-2.png 967w, https:\/\/ucuzspotcu.com\/cikma\/wp-content\/uploads\/2024\/08\/saglam-ve-iyi-durumda-cikma-korkuluk-2-300x194.png 300w, https:\/\/ucuzspotcu.com\/cikma\/wp-content\/uploads\/2024\/08\/saglam-ve-iyi-durumda-cikma-korkuluk-2-768x496.png 768w, https:\/\/ucuzspotcu.com\/cikma\/wp-content\/uploads\/2024\/08\/saglam-ve-iyi-durumda-cikma-korkuluk-2-600x387.png 600w\" sizes=\"auto, (max-width: 967px) 100vw, 967px\" \/><\/p>\n","protected":false},"excerpt":{"rendered":"<p>sa\u011flam ve iyi durumda \u00e7\u0131kma korkuluk Cam Korkuluk \u00dcretici \u00c7\u0131kma Demir Korkuluk Metal olarak, \u00e7\u0131kma demir korkuluklarla mekanlar\u0131n\u0131za estetik Firma Korkuluk \u00e7e\u015fitleri nelerdir? 1 metre ferforje korkuluk ka\u00e7 kg? Demir korkuluk ne demek? Pandemi s\u00fcrecinde soka\u011fa \u00e7\u0131kma yasa\u011f\u0131 ile beraber biraz olsun nefes alabilmek i\u00e7in kendimizi \u00d6zel Tasar\u0131ml\u0131 Cam Korkuluk Modelleri ile Modern Mekanlar. H\u0131zl\u0131 Montaj<\/p>\n","protected":false},"featured_media":496,"template":"","meta":[],"product_brand":[],"product_cat":[15],"product_tag":[],"class_list":{"0":"post-494","1":"product","2":"type-product","3":"status-publish","4":"has-post-thumbnail","6":"product_cat-ikinci-el-esya","8":"first","9":"instock","10":"sale","11":"shipping-taxable","12":"purchasable","13":"product-type-simple"},"_links":{"self":[{"href":"https:\/\/ucuzspotcu.com\/cikma\/wp-json\/wp\/v2\/product\/494","targetHints":{"allow":["GET"]}}],"collection":[{"href":"https:\/\/ucuzspotcu.com\/cikma\/wp-json\/wp\/v2\/product"}],"about":[{"href":"https:\/\/ucuzspotcu.com\/cikma\/wp-json\/wp\/v2\/types\/product"}],"wp:featuredmedia":[{"embeddable":true,"href":"https:\/\/ucuzspotcu.com\/cikma\/wp-json\/wp\/v2\/media\/496"}],"wp:attachment":[{"href":"https:\/\/ucuzspotcu.com\/cikma\/wp-json\/wp\/v2\/media?parent=494"}],"wp:term":[{"taxonomy":"product_brand","embeddable":true,"href":"https:\/\/ucuzspotcu.com\/cikma\/wp-json\/wp\/v2\/product_brand?post=494"},{"taxonomy":"product_cat","embeddable":true,"href":"https:\/\/ucuzspotcu.com\/cikma\/wp-json\/wp\/v2\/product_cat?post=494"},{"taxonomy":"product_tag","embeddable":true,"href":"https:\/\/ucuzspotcu.com\/cikma\/wp-json\/wp\/v2\/product_tag?post=494"}],"curies":[{"name":"wp","href":"https:\/\/api.w.org\/{rel}","templated":true}]}}