{"id":489,"date":"2024-08-13T09:10:55","date_gmt":"2024-08-13T06:10:55","guid":{"rendered":"https:\/\/ucuzspotcu.com\/cikma\/?post_type=product&#038;p=489"},"modified":"2024-08-13T09:10:55","modified_gmt":"2024-08-13T06:10:55","slug":"kalin-i-celik-bol-miktarda-cikma-h-celikler-celik-sektorundeki-guncel-fiyat-bilgileri","status":"publish","type":"product","link":"https:\/\/ucuzspotcu.com\/cikma\/urun\/kalin-i-celik-bol-miktarda-cikma-h-celikler-celik-sektorundeki-guncel-fiyat-bilgileri\/","title":{"rendered":"Kal\u0131n I \u00e7elik bol miktarda \u00e7\u0131kma H \u00e7elikler \u00c7elik sekt\u00f6r\u00fcndeki g\u00fcncel fiyat bilgileri"},"content":{"rendered":"<p><img loading=\"lazy\" decoding=\"async\" src=\"https:\/\/ucuzspotcu.com\/cikma\/wp-content\/uploads\/2024\/08\/Kalin-I-celik-1.png\" alt=\"\" width=\"838\" height=\"611\" class=\"aligncenter size-full wp-image-490\" title=\"\" srcset=\"https:\/\/ucuzspotcu.com\/cikma\/wp-content\/uploads\/2024\/08\/Kalin-I-celik-1.png 838w, https:\/\/ucuzspotcu.com\/cikma\/wp-content\/uploads\/2024\/08\/Kalin-I-celik-1-300x219.png 300w, https:\/\/ucuzspotcu.com\/cikma\/wp-content\/uploads\/2024\/08\/Kalin-I-celik-1-768x560.png 768w, https:\/\/ucuzspotcu.com\/cikma\/wp-content\/uploads\/2024\/08\/Kalin-I-celik-1-600x437.png 600w\" sizes=\"auto, (max-width: 838px) 100vw, 838px\" \/><\/p>\n<p><img loading=\"lazy\" decoding=\"async\" src=\"https:\/\/ucuzspotcu.com\/cikma\/wp-content\/uploads\/2024\/08\/Kalin-I-celik-2.png\" alt=\"\" width=\"790\" height=\"626\" class=\"aligncenter size-full wp-image-491\" title=\"\" srcset=\"https:\/\/ucuzspotcu.com\/cikma\/wp-content\/uploads\/2024\/08\/Kalin-I-celik-2.png 790w, https:\/\/ucuzspotcu.com\/cikma\/wp-content\/uploads\/2024\/08\/Kalin-I-celik-2-300x238.png 300w, https:\/\/ucuzspotcu.com\/cikma\/wp-content\/uploads\/2024\/08\/Kalin-I-celik-2-768x609.png 768w, https:\/\/ucuzspotcu.com\/cikma\/wp-content\/uploads\/2024\/08\/Kalin-I-celik-2-600x475.png 600w\" sizes=\"auto, (max-width: 790px) 100vw, 790px\" \/><\/p>\n","protected":false},"excerpt":{"rendered":"<p>Kal\u0131n I \u00e7elik SIFIR AYARINDA 2.El \u0130N\u015eAAT MALZEMELERI. 6.500 TL. insaat malzemeleri celik konstruksiyon malzemele hea heb demiri 2.el 2.kalite boru profil. Dayan\u0131kl\u0131 \u015f\u0131k ve dekoratif raf\u0131 dayan\u0131kl\u0131 suntalam kullan\u0131larak yap\u0131lm\u0131\u015ft\u0131r. Raf ayaklar\u0131 kal\u0131n metalden imal edilmi\u015f Tekirda\u011f, Kapakl\u0131. \u00c7elik konstr\u00fcksiyon yap\u0131 malzemesi<\/p>\n","protected":false},"featured_media":491,"template":"","meta":[],"product_brand":[],"product_cat":[31,15],"product_tag":[],"class_list":{"0":"post-489","1":"product","2":"type-product","3":"status-publish","4":"has-post-thumbnail","6":"product_cat-ikinci-el-is-makineleri","7":"product_cat-ikinci-el-esya","9":"first","10":"instock","11":"sale","12":"shipping-taxable","13":"purchasable","14":"product-type-simple"},"_links":{"self":[{"href":"https:\/\/ucuzspotcu.com\/cikma\/wp-json\/wp\/v2\/product\/489","targetHints":{"allow":["GET"]}}],"collection":[{"href":"https:\/\/ucuzspotcu.com\/cikma\/wp-json\/wp\/v2\/product"}],"about":[{"href":"https:\/\/ucuzspotcu.com\/cikma\/wp-json\/wp\/v2\/types\/product"}],"wp:featuredmedia":[{"embeddable":true,"href":"https:\/\/ucuzspotcu.com\/cikma\/wp-json\/wp\/v2\/media\/491"}],"wp:attachment":[{"href":"https:\/\/ucuzspotcu.com\/cikma\/wp-json\/wp\/v2\/media?parent=489"}],"wp:term":[{"taxonomy":"product_brand","embeddable":true,"href":"https:\/\/ucuzspotcu.com\/cikma\/wp-json\/wp\/v2\/product_brand?post=489"},{"taxonomy":"product_cat","embeddable":true,"href":"https:\/\/ucuzspotcu.com\/cikma\/wp-json\/wp\/v2\/product_cat?post=489"},{"taxonomy":"product_tag","embeddable":true,"href":"https:\/\/ucuzspotcu.com\/cikma\/wp-json\/wp\/v2\/product_tag?post=489"}],"curies":[{"name":"wp","href":"https:\/\/api.w.org\/{rel}","templated":true}]}}