{"id":486,"date":"2024-08-07T12:37:11","date_gmt":"2024-08-07T09:37:11","guid":{"rendered":"https:\/\/ucuzspotcu.com\/cikma\/?post_type=product&#038;p=486"},"modified":"2024-08-07T12:37:11","modified_gmt":"2024-08-07T09:37:11","slug":"bahce-icin-su-pompasi-saglam-dayanikli-ve-guclu-elektrikli-su-pompasi","status":"publish","type":"product","link":"https:\/\/ucuzspotcu.com\/cikma\/urun\/bahce-icin-su-pompasi-saglam-dayanikli-ve-guclu-elektrikli-su-pompasi\/","title":{"rendered":"Bah\u00e7e i\u00e7in su pompas\u0131 sa\u011flam dayan\u0131kl\u0131 ve g\u00fc\u00e7l\u00fc elektrikli su pompas\u0131"},"content":{"rendered":"<p><img loading=\"lazy\" decoding=\"async\" src=\"https:\/\/ucuzspotcu.com\/cikma\/wp-content\/uploads\/2024\/08\/elektrikli-su-pompasi-2.png\" alt=\"\" width=\"965\" height=\"628\" class=\"aligncenter size-full wp-image-487\" title=\"\" srcset=\"https:\/\/ucuzspotcu.com\/cikma\/wp-content\/uploads\/2024\/08\/elektrikli-su-pompasi-2.png 965w, https:\/\/ucuzspotcu.com\/cikma\/wp-content\/uploads\/2024\/08\/elektrikli-su-pompasi-2-300x195.png 300w, https:\/\/ucuzspotcu.com\/cikma\/wp-content\/uploads\/2024\/08\/elektrikli-su-pompasi-2-768x500.png 768w, https:\/\/ucuzspotcu.com\/cikma\/wp-content\/uploads\/2024\/08\/elektrikli-su-pompasi-2-600x390.png 600w\" sizes=\"auto, (max-width: 965px) 100vw, 965px\" \/><\/p>\n<p><img loading=\"lazy\" decoding=\"async\" src=\"https:\/\/ucuzspotcu.com\/cikma\/wp-content\/uploads\/2024\/08\/elektrikli-su-pompasi-1.png\" alt=\"\" width=\"808\" height=\"624\" class=\"aligncenter size-full wp-image-488\" title=\"\" srcset=\"https:\/\/ucuzspotcu.com\/cikma\/wp-content\/uploads\/2024\/08\/elektrikli-su-pompasi-1.png 808w, https:\/\/ucuzspotcu.com\/cikma\/wp-content\/uploads\/2024\/08\/elektrikli-su-pompasi-1-300x232.png 300w, https:\/\/ucuzspotcu.com\/cikma\/wp-content\/uploads\/2024\/08\/elektrikli-su-pompasi-1-768x593.png 768w, https:\/\/ucuzspotcu.com\/cikma\/wp-content\/uploads\/2024\/08\/elektrikli-su-pompasi-1-600x463.png 600w\" sizes=\"auto, (max-width: 808px) 100vw, 808px\" \/><\/p>\n","protected":false},"excerpt":{"rendered":"<p>elektrikli su pompas\u0131 Elektrikli su pompas\u0131 fiyatlar\u0131 itibar\u0131yla da olduk\u00e7a caziptir. Elektrikli Su Pompas\u0131 fiyatlar\u0131, elektrikli su pompas\u0131 modelleri ve elektrikli su pompas\u0131 \u00e7e\u015fitleri \u00dcr\u00fcnleri uygun fiyatlarla sat\u0131n al\u0131yor olmak b\u00fcy\u00fck bir motivasyon kayna\u011f\u0131d\u0131r<\/p>\n","protected":false},"featured_media":487,"template":"","meta":[],"product_brand":[],"product_cat":[31],"product_tag":[],"class_list":{"0":"post-486","1":"product","2":"type-product","3":"status-publish","4":"has-post-thumbnail","6":"product_cat-ikinci-el-is-makineleri","8":"first","9":"instock","10":"sale","11":"shipping-taxable","12":"purchasable","13":"product-type-simple"},"_links":{"self":[{"href":"https:\/\/ucuzspotcu.com\/cikma\/wp-json\/wp\/v2\/product\/486","targetHints":{"allow":["GET"]}}],"collection":[{"href":"https:\/\/ucuzspotcu.com\/cikma\/wp-json\/wp\/v2\/product"}],"about":[{"href":"https:\/\/ucuzspotcu.com\/cikma\/wp-json\/wp\/v2\/types\/product"}],"wp:featuredmedia":[{"embeddable":true,"href":"https:\/\/ucuzspotcu.com\/cikma\/wp-json\/wp\/v2\/media\/487"}],"wp:attachment":[{"href":"https:\/\/ucuzspotcu.com\/cikma\/wp-json\/wp\/v2\/media?parent=486"}],"wp:term":[{"taxonomy":"product_brand","embeddable":true,"href":"https:\/\/ucuzspotcu.com\/cikma\/wp-json\/wp\/v2\/product_brand?post=486"},{"taxonomy":"product_cat","embeddable":true,"href":"https:\/\/ucuzspotcu.com\/cikma\/wp-json\/wp\/v2\/product_cat?post=486"},{"taxonomy":"product_tag","embeddable":true,"href":"https:\/\/ucuzspotcu.com\/cikma\/wp-json\/wp\/v2\/product_tag?post=486"}],"curies":[{"name":"wp","href":"https:\/\/api.w.org\/{rel}","templated":true}]}}