{"id":479,"date":"2024-07-30T09:30:06","date_gmt":"2024-07-30T06:30:06","guid":{"rendered":"https:\/\/ucuzspotcu.com\/cikma\/?post_type=product&#038;p=479"},"modified":"2024-07-30T09:30:06","modified_gmt":"2024-07-30T06:30:06","slug":"spot-vantilator-sifir-butcenize-uygun-en-ucuz-vantilator-fiyatlari","status":"publish","type":"product","link":"https:\/\/ucuzspotcu.com\/cikma\/urun\/spot-vantilator-sifir-butcenize-uygun-en-ucuz-vantilator-fiyatlari\/","title":{"rendered":"Spot vantilat\u00f6r s\u0131f\u0131r b\u00fct\u00e7enize uygun En ucuz vantilat\u00f6r fiyatlar\u0131"},"content":{"rendered":"<p><img loading=\"lazy\" decoding=\"async\" src=\"https:\/\/ucuzspotcu.com\/cikma\/wp-content\/uploads\/2024\/07\/spot-vantilator-sifir-1.png\" alt=\"\" width=\"621\" height=\"631\" class=\"aligncenter size-full wp-image-480\" title=\"\" srcset=\"https:\/\/ucuzspotcu.com\/cikma\/wp-content\/uploads\/2024\/07\/spot-vantilator-sifir-1.png 621w, https:\/\/ucuzspotcu.com\/cikma\/wp-content\/uploads\/2024\/07\/spot-vantilator-sifir-1-295x300.png 295w, https:\/\/ucuzspotcu.com\/cikma\/wp-content\/uploads\/2024\/07\/spot-vantilator-sifir-1-600x610.png 600w\" sizes=\"auto, (max-width: 621px) 100vw, 621px\" \/><\/p>\n<p><img loading=\"lazy\" decoding=\"async\" src=\"https:\/\/ucuzspotcu.com\/cikma\/wp-content\/uploads\/2024\/07\/spot-vantilator-sifir-2.png\" alt=\"\" width=\"916\" height=\"638\" class=\"aligncenter size-full wp-image-481\" title=\"\" srcset=\"https:\/\/ucuzspotcu.com\/cikma\/wp-content\/uploads\/2024\/07\/spot-vantilator-sifir-2.png 916w, https:\/\/ucuzspotcu.com\/cikma\/wp-content\/uploads\/2024\/07\/spot-vantilator-sifir-2-300x209.png 300w, https:\/\/ucuzspotcu.com\/cikma\/wp-content\/uploads\/2024\/07\/spot-vantilator-sifir-2-768x535.png 768w, https:\/\/ucuzspotcu.com\/cikma\/wp-content\/uploads\/2024\/07\/spot-vantilator-sifir-2-600x418.png 600w\" sizes=\"auto, (max-width: 916px) 100vw, 916px\" \/><\/p>\n","protected":false},"excerpt":{"rendered":"<p>spot vantilat\u00f6r s\u0131f\u0131r Vantilat\u00f6r Modelleri, ikinci el ve s\u0131f\u0131r Vantilat\u00f6rler kullan\u0131c\u0131lar\u0131n istek ve ihtiya\u00e7lar\u0131na y\u00f6nelik olarak beklentiyi en \u00fcst d\u00fczeyde se\u00e7enekleri ve b\u00fct\u00e7enize uygun En ucuz vantilat\u00f6r fiyatlar\u0131 3120 farkl\u0131 se\u00e7enekle  fiyat alternatifleriyle<\/p>\n","protected":false},"featured_media":480,"template":"","meta":[],"product_brand":[],"product_cat":[30],"product_tag":[],"class_list":{"0":"post-479","1":"product","2":"type-product","3":"status-publish","4":"has-post-thumbnail","6":"product_cat-ikinci-el-beyaz-esya","8":"first","9":"instock","10":"sale","11":"shipping-taxable","12":"purchasable","13":"product-type-simple"},"_links":{"self":[{"href":"https:\/\/ucuzspotcu.com\/cikma\/wp-json\/wp\/v2\/product\/479","targetHints":{"allow":["GET"]}}],"collection":[{"href":"https:\/\/ucuzspotcu.com\/cikma\/wp-json\/wp\/v2\/product"}],"about":[{"href":"https:\/\/ucuzspotcu.com\/cikma\/wp-json\/wp\/v2\/types\/product"}],"wp:featuredmedia":[{"embeddable":true,"href":"https:\/\/ucuzspotcu.com\/cikma\/wp-json\/wp\/v2\/media\/480"}],"wp:attachment":[{"href":"https:\/\/ucuzspotcu.com\/cikma\/wp-json\/wp\/v2\/media?parent=479"}],"wp:term":[{"taxonomy":"product_brand","embeddable":true,"href":"https:\/\/ucuzspotcu.com\/cikma\/wp-json\/wp\/v2\/product_brand?post=479"},{"taxonomy":"product_cat","embeddable":true,"href":"https:\/\/ucuzspotcu.com\/cikma\/wp-json\/wp\/v2\/product_cat?post=479"},{"taxonomy":"product_tag","embeddable":true,"href":"https:\/\/ucuzspotcu.com\/cikma\/wp-json\/wp\/v2\/product_tag?post=479"}],"curies":[{"name":"wp","href":"https:\/\/api.w.org\/{rel}","templated":true}]}}