{"id":471,"date":"2024-07-21T09:15:35","date_gmt":"2024-07-21T06:15:35","guid":{"rendered":"https:\/\/ucuzspotcu.com\/cikma\/?post_type=product&#038;p=471"},"modified":"2024-07-21T09:15:35","modified_gmt":"2024-07-21T06:15:35","slug":"guclu-havalandirma-fani-2-el-salyangoz-fan","status":"publish","type":"product","link":"https:\/\/ucuzspotcu.com\/cikma\/urun\/guclu-havalandirma-fani-2-el-salyangoz-fan\/","title":{"rendered":"G\u00fc\u00e7l\u00fc havaland\u0131rma fan\u0131 2.el salyangoz fan"},"content":{"rendered":"<p><img loading=\"lazy\" decoding=\"async\" class=\"aligncenter size-full wp-image-472\" src=\"https:\/\/ucuzspotcu.com\/cikma\/wp-content\/uploads\/2024\/07\/Salyangoz-Fan-1.png\" alt=\"\" width=\"713\" height=\"639\" title=\"\" srcset=\"https:\/\/ucuzspotcu.com\/cikma\/wp-content\/uploads\/2024\/07\/Salyangoz-Fan-1.png 713w, https:\/\/ucuzspotcu.com\/cikma\/wp-content\/uploads\/2024\/07\/Salyangoz-Fan-1-300x269.png 300w, https:\/\/ucuzspotcu.com\/cikma\/wp-content\/uploads\/2024\/07\/Salyangoz-Fan-1-600x538.png 600w\" sizes=\"auto, (max-width: 713px) 100vw, 713px\" \/> <img loading=\"lazy\" decoding=\"async\" class=\"aligncenter size-full wp-image-473\" src=\"https:\/\/ucuzspotcu.com\/cikma\/wp-content\/uploads\/2024\/07\/Salyangoz-Fan-2.png\" alt=\"\" width=\"869\" height=\"634\" title=\"\" srcset=\"https:\/\/ucuzspotcu.com\/cikma\/wp-content\/uploads\/2024\/07\/Salyangoz-Fan-2.png 869w, https:\/\/ucuzspotcu.com\/cikma\/wp-content\/uploads\/2024\/07\/Salyangoz-Fan-2-300x219.png 300w, https:\/\/ucuzspotcu.com\/cikma\/wp-content\/uploads\/2024\/07\/Salyangoz-Fan-2-768x560.png 768w, https:\/\/ucuzspotcu.com\/cikma\/wp-content\/uploads\/2024\/07\/Salyangoz-Fan-2-600x438.png 600w\" sizes=\"auto, (max-width: 869px) 100vw, 869px\" \/><\/p>\n","protected":false},"excerpt":{"rendered":"<p>2.el salyangoz fan \u0130kinci El Fan fiyatlar\u0131 2. el, s\u0131f\u0131r Fanlar, genellikle bir motor taraf\u0131ndan d\u00f6nd\u00fcr\u00fclen pervaneler arac\u0131l\u0131\u011f\u0131yla hava ak\u0131m\u0131n\u0131 olu\u015fturarak oday\u0131 havaland\u0131r\u0131r. Havaland\u0131rma sahibinden ve makine sat\u0131c\u0131lar\u0131 taraf\u0131ndan sat\u0131l\u0131k ilanlar<\/p>\n","protected":false},"featured_media":473,"template":"","meta":[],"product_brand":[],"product_cat":[31],"product_tag":[],"class_list":{"0":"post-471","1":"product","2":"type-product","3":"status-publish","4":"has-post-thumbnail","6":"product_cat-ikinci-el-is-makineleri","8":"first","9":"instock","10":"sale","11":"shipping-taxable","12":"purchasable","13":"product-type-simple"},"_links":{"self":[{"href":"https:\/\/ucuzspotcu.com\/cikma\/wp-json\/wp\/v2\/product\/471","targetHints":{"allow":["GET"]}}],"collection":[{"href":"https:\/\/ucuzspotcu.com\/cikma\/wp-json\/wp\/v2\/product"}],"about":[{"href":"https:\/\/ucuzspotcu.com\/cikma\/wp-json\/wp\/v2\/types\/product"}],"wp:featuredmedia":[{"embeddable":true,"href":"https:\/\/ucuzspotcu.com\/cikma\/wp-json\/wp\/v2\/media\/473"}],"wp:attachment":[{"href":"https:\/\/ucuzspotcu.com\/cikma\/wp-json\/wp\/v2\/media?parent=471"}],"wp:term":[{"taxonomy":"product_brand","embeddable":true,"href":"https:\/\/ucuzspotcu.com\/cikma\/wp-json\/wp\/v2\/product_brand?post=471"},{"taxonomy":"product_cat","embeddable":true,"href":"https:\/\/ucuzspotcu.com\/cikma\/wp-json\/wp\/v2\/product_cat?post=471"},{"taxonomy":"product_tag","embeddable":true,"href":"https:\/\/ucuzspotcu.com\/cikma\/wp-json\/wp\/v2\/product_tag?post=471"}],"curies":[{"name":"wp","href":"https:\/\/api.w.org\/{rel}","templated":true}]}}