{"id":463,"date":"2024-07-17T14:20:24","date_gmt":"2024-07-17T11:20:24","guid":{"rendered":"https:\/\/ucuzspotcu.com\/cikma\/?post_type=product&#038;p=463"},"modified":"2024-07-17T14:20:24","modified_gmt":"2024-07-17T11:20:24","slug":"2-el-kereste-5x10-ankara-cikma-insaat-kerestesi-temiz-kalip-malzemeleri","status":"publish","type":"product","link":"https:\/\/ucuzspotcu.com\/cikma\/urun\/2-el-kereste-5x10-ankara-cikma-insaat-kerestesi-temiz-kalip-malzemeleri\/","title":{"rendered":"2. el kereste 5&#215;10 ankara \u00e7\u0131kma in\u015faat kerestesi temiz kal\u0131p malzemeleri"},"content":{"rendered":"<p><img loading=\"lazy\" decoding=\"async\" class=\"aligncenter size-full wp-image-464\" src=\"https:\/\/ucuzspotcu.com\/cikma\/wp-content\/uploads\/2024\/07\/cikma-insaat-kerestesi-2.png\" alt=\"\" width=\"1028\" height=\"614\" title=\"\" srcset=\"https:\/\/ucuzspotcu.com\/cikma\/wp-content\/uploads\/2024\/07\/cikma-insaat-kerestesi-2.png 1028w, https:\/\/ucuzspotcu.com\/cikma\/wp-content\/uploads\/2024\/07\/cikma-insaat-kerestesi-2-300x179.png 300w, https:\/\/ucuzspotcu.com\/cikma\/wp-content\/uploads\/2024\/07\/cikma-insaat-kerestesi-2-1024x612.png 1024w, https:\/\/ucuzspotcu.com\/cikma\/wp-content\/uploads\/2024\/07\/cikma-insaat-kerestesi-2-768x459.png 768w, https:\/\/ucuzspotcu.com\/cikma\/wp-content\/uploads\/2024\/07\/cikma-insaat-kerestesi-2-600x358.png 600w\" sizes=\"auto, (max-width: 1028px) 100vw, 1028px\" \/> <img loading=\"lazy\" decoding=\"async\" class=\"aligncenter size-full wp-image-465\" src=\"https:\/\/ucuzspotcu.com\/cikma\/wp-content\/uploads\/2024\/07\/cikma-insaat-kerestesi-1.png\" alt=\"\" width=\"902\" height=\"614\" title=\"\" srcset=\"https:\/\/ucuzspotcu.com\/cikma\/wp-content\/uploads\/2024\/07\/cikma-insaat-kerestesi-1.png 902w, https:\/\/ucuzspotcu.com\/cikma\/wp-content\/uploads\/2024\/07\/cikma-insaat-kerestesi-1-300x204.png 300w, https:\/\/ucuzspotcu.com\/cikma\/wp-content\/uploads\/2024\/07\/cikma-insaat-kerestesi-1-768x523.png 768w, https:\/\/ucuzspotcu.com\/cikma\/wp-content\/uploads\/2024\/07\/cikma-insaat-kerestesi-1-600x408.png 600w\" sizes=\"auto, (max-width: 902px) 100vw, 902px\" \/><\/p>\n","protected":false},"excerpt":{"rendered":"<p>s\u0131f\u0131r ve ikinci el plywood -s\u0131f\u0131r ve ikinci el kereste 2 El kereste Fiyatlar\u0131 sahibinden<br \/>\n2. el kereste letgo<br \/>\n2. el kereste (5&#215;10)<br \/>\n2.el kereste fiyatlar\u0131 ankara<br \/>\ngebze&#8217;de sahibinden sat\u0131l\u0131k ikinci el kereste<br \/>\n2. el kereste 5&#215;10 ankara<br \/>\n5*10 kereste adet fiyat\u0131<br \/>\n2. el kereste fiyatlar\u0131 s\u0131f\u0131r ve ikinci el teleskopdirek -s\u0131f\u0131r ve ikinci el<\/p>\n","protected":false},"featured_media":464,"template":"","meta":[],"product_brand":[],"product_cat":[32],"product_tag":[],"class_list":{"0":"post-463","1":"product","2":"type-product","3":"status-publish","4":"has-post-thumbnail","6":"product_cat-ikinci-el-mobilya","8":"first","9":"instock","10":"sale","11":"shipping-taxable","12":"purchasable","13":"product-type-simple"},"_links":{"self":[{"href":"https:\/\/ucuzspotcu.com\/cikma\/wp-json\/wp\/v2\/product\/463","targetHints":{"allow":["GET"]}}],"collection":[{"href":"https:\/\/ucuzspotcu.com\/cikma\/wp-json\/wp\/v2\/product"}],"about":[{"href":"https:\/\/ucuzspotcu.com\/cikma\/wp-json\/wp\/v2\/types\/product"}],"wp:featuredmedia":[{"embeddable":true,"href":"https:\/\/ucuzspotcu.com\/cikma\/wp-json\/wp\/v2\/media\/464"}],"wp:attachment":[{"href":"https:\/\/ucuzspotcu.com\/cikma\/wp-json\/wp\/v2\/media?parent=463"}],"wp:term":[{"taxonomy":"product_brand","embeddable":true,"href":"https:\/\/ucuzspotcu.com\/cikma\/wp-json\/wp\/v2\/product_brand?post=463"},{"taxonomy":"product_cat","embeddable":true,"href":"https:\/\/ucuzspotcu.com\/cikma\/wp-json\/wp\/v2\/product_cat?post=463"},{"taxonomy":"product_tag","embeddable":true,"href":"https:\/\/ucuzspotcu.com\/cikma\/wp-json\/wp\/v2\/product_tag?post=463"}],"curies":[{"name":"wp","href":"https:\/\/api.w.org\/{rel}","templated":true}]}}