{"id":459,"date":"2024-07-13T09:24:42","date_gmt":"2024-07-13T06:24:42","guid":{"rendered":"https:\/\/ucuzspotcu.com\/cikma\/?post_type=product&#038;p=459"},"modified":"2024-07-13T09:24:42","modified_gmt":"2024-07-13T06:24:42","slug":"cikma-siyah-pimapen-temiz-durumda-saglam-kahverengi-pvc-pencere","status":"publish","type":"product","link":"https:\/\/ucuzspotcu.com\/cikma\/urun\/cikma-siyah-pimapen-temiz-durumda-saglam-kahverengi-pvc-pencere\/","title":{"rendered":"\u00c7\u0131kma siyah pimapen temiz durumda sa\u011flam kahverengi pvc pencere"},"content":{"rendered":"<p><img loading=\"lazy\" decoding=\"async\" class=\"aligncenter size-full wp-image-460\" src=\"https:\/\/ucuzspotcu.com\/cikma\/wp-content\/uploads\/2024\/07\/Cikma-siyah-pimapen-temiz-durumda-3.png\" alt=\"\" width=\"1008\" height=\"630\" title=\"\" srcset=\"https:\/\/ucuzspotcu.com\/cikma\/wp-content\/uploads\/2024\/07\/Cikma-siyah-pimapen-temiz-durumda-3.png 1008w, https:\/\/ucuzspotcu.com\/cikma\/wp-content\/uploads\/2024\/07\/Cikma-siyah-pimapen-temiz-durumda-3-300x188.png 300w, https:\/\/ucuzspotcu.com\/cikma\/wp-content\/uploads\/2024\/07\/Cikma-siyah-pimapen-temiz-durumda-3-768x480.png 768w, https:\/\/ucuzspotcu.com\/cikma\/wp-content\/uploads\/2024\/07\/Cikma-siyah-pimapen-temiz-durumda-3-600x375.png 600w\" sizes=\"auto, (max-width: 1008px) 100vw, 1008px\" \/> <img loading=\"lazy\" decoding=\"async\" class=\"aligncenter size-full wp-image-461\" src=\"https:\/\/ucuzspotcu.com\/cikma\/wp-content\/uploads\/2024\/07\/Cikma-siyah-pimapen-temiz-durumda-1.png\" alt=\"\" width=\"760\" height=\"631\" title=\"\" srcset=\"https:\/\/ucuzspotcu.com\/cikma\/wp-content\/uploads\/2024\/07\/Cikma-siyah-pimapen-temiz-durumda-1.png 760w, https:\/\/ucuzspotcu.com\/cikma\/wp-content\/uploads\/2024\/07\/Cikma-siyah-pimapen-temiz-durumda-1-300x249.png 300w, https:\/\/ucuzspotcu.com\/cikma\/wp-content\/uploads\/2024\/07\/Cikma-siyah-pimapen-temiz-durumda-1-600x498.png 600w\" sizes=\"auto, (max-width: 760px) 100vw, 760px\" \/> <img loading=\"lazy\" decoding=\"async\" class=\"aligncenter size-full wp-image-462\" src=\"https:\/\/ucuzspotcu.com\/cikma\/wp-content\/uploads\/2024\/07\/Cikma-siyah-pimapen-temiz-durumda-2.png\" alt=\"\" width=\"1005\" height=\"629\" title=\"\" srcset=\"https:\/\/ucuzspotcu.com\/cikma\/wp-content\/uploads\/2024\/07\/Cikma-siyah-pimapen-temiz-durumda-2.png 1005w, https:\/\/ucuzspotcu.com\/cikma\/wp-content\/uploads\/2024\/07\/Cikma-siyah-pimapen-temiz-durumda-2-300x188.png 300w, https:\/\/ucuzspotcu.com\/cikma\/wp-content\/uploads\/2024\/07\/Cikma-siyah-pimapen-temiz-durumda-2-768x481.png 768w, https:\/\/ucuzspotcu.com\/cikma\/wp-content\/uploads\/2024\/07\/Cikma-siyah-pimapen-temiz-durumda-2-600x376.png 600w\" sizes=\"auto, (max-width: 1005px) 100vw, 1005px\" \/><\/p>\n","protected":false},"excerpt":{"rendered":"<p><strong>\u00c7\u0131kma siyah pimapen temiz durumda Temiz<\/strong> balkon pvc Siyahla\u015fm\u0131\u015f pimapen nas\u0131l temizlenir?<br \/>\nPVC pencere fiyatlar\u0131 ne kadar? 2.el pvc do\u011frama izmir. Bunun yan\u0131 s\u0131ra yada \u00e7e\u015fitli dekorasyon ve tadilat nedenleri ile az <strong>PVC pencere boyan\u0131r m\u0131? \u0130yi durumda cams\u0131z pimapen<\/strong> sa\u011flam ve kaliteli En iyi Pimapen nas\u0131l anla\u015f\u0131l\u0131r? En sa\u011fl\u0131kl\u0131 PVC deki sar\u0131 lekeler nas\u0131l \u00e7\u0131kar? Temiz balkon pvc. 1.850 TL. Ankara, Beypazar\u0131 &#8230; Me\u015fru menfaatin kullan\u0131ld\u0131\u011f\u0131 durumlarda itiraz hakk\u0131n\u0131z da dahil olmak<\/p>\n","protected":false},"featured_media":462,"template":"","meta":[],"product_brand":[],"product_cat":[15],"product_tag":[],"class_list":{"0":"post-459","1":"product","2":"type-product","3":"status-publish","4":"has-post-thumbnail","6":"product_cat-ikinci-el-esya","8":"first","9":"instock","10":"sale","11":"shipping-taxable","12":"purchasable","13":"product-type-simple"},"_links":{"self":[{"href":"https:\/\/ucuzspotcu.com\/cikma\/wp-json\/wp\/v2\/product\/459","targetHints":{"allow":["GET"]}}],"collection":[{"href":"https:\/\/ucuzspotcu.com\/cikma\/wp-json\/wp\/v2\/product"}],"about":[{"href":"https:\/\/ucuzspotcu.com\/cikma\/wp-json\/wp\/v2\/types\/product"}],"wp:featuredmedia":[{"embeddable":true,"href":"https:\/\/ucuzspotcu.com\/cikma\/wp-json\/wp\/v2\/media\/462"}],"wp:attachment":[{"href":"https:\/\/ucuzspotcu.com\/cikma\/wp-json\/wp\/v2\/media?parent=459"}],"wp:term":[{"taxonomy":"product_brand","embeddable":true,"href":"https:\/\/ucuzspotcu.com\/cikma\/wp-json\/wp\/v2\/product_brand?post=459"},{"taxonomy":"product_cat","embeddable":true,"href":"https:\/\/ucuzspotcu.com\/cikma\/wp-json\/wp\/v2\/product_cat?post=459"},{"taxonomy":"product_tag","embeddable":true,"href":"https:\/\/ucuzspotcu.com\/cikma\/wp-json\/wp\/v2\/product_tag?post=459"}],"curies":[{"name":"wp","href":"https:\/\/api.w.org\/{rel}","templated":true}]}}