{"id":456,"date":"2024-07-13T09:21:18","date_gmt":"2024-07-13T06:21:18","guid":{"rendered":"https:\/\/ucuzspotcu.com\/cikma\/?post_type=product&#038;p=456"},"modified":"2024-07-13T09:21:18","modified_gmt":"2024-07-13T06:21:18","slug":"cikma-insaat-tahtasi-saglam-510-ya-da-1010-insaat-icin-ikinci-el-kereste","status":"publish","type":"product","link":"https:\/\/ucuzspotcu.com\/cikma\/urun\/cikma-insaat-tahtasi-saglam-510-ya-da-1010-insaat-icin-ikinci-el-kereste\/","title":{"rendered":"\u00c7\u0131kma in\u015faat tahtas\u0131 sa\u011flam 5*10 ya da 10*10 in\u015faat i\u00e7in ikinci el kereste"},"content":{"rendered":"<p><img loading=\"lazy\" decoding=\"async\" class=\"aligncenter size-full wp-image-457\" src=\"https:\/\/ucuzspotcu.com\/cikma\/wp-content\/uploads\/2024\/07\/Cikma-insaat-tahtasi-saglam-2.png\" alt=\"\" width=\"1045\" height=\"632\" title=\"\" srcset=\"https:\/\/ucuzspotcu.com\/cikma\/wp-content\/uploads\/2024\/07\/Cikma-insaat-tahtasi-saglam-2.png 1045w, https:\/\/ucuzspotcu.com\/cikma\/wp-content\/uploads\/2024\/07\/Cikma-insaat-tahtasi-saglam-2-300x181.png 300w, https:\/\/ucuzspotcu.com\/cikma\/wp-content\/uploads\/2024\/07\/Cikma-insaat-tahtasi-saglam-2-1024x619.png 1024w, https:\/\/ucuzspotcu.com\/cikma\/wp-content\/uploads\/2024\/07\/Cikma-insaat-tahtasi-saglam-2-768x464.png 768w, https:\/\/ucuzspotcu.com\/cikma\/wp-content\/uploads\/2024\/07\/Cikma-insaat-tahtasi-saglam-2-600x363.png 600w\" sizes=\"auto, (max-width: 1045px) 100vw, 1045px\" \/> <img loading=\"lazy\" decoding=\"async\" class=\"aligncenter size-full wp-image-458\" src=\"https:\/\/ucuzspotcu.com\/cikma\/wp-content\/uploads\/2024\/07\/Cikma-insaat-tahtasi-saglam-1.png\" alt=\"\" width=\"711\" height=\"630\" title=\"\" srcset=\"https:\/\/ucuzspotcu.com\/cikma\/wp-content\/uploads\/2024\/07\/Cikma-insaat-tahtasi-saglam-1.png 711w, https:\/\/ucuzspotcu.com\/cikma\/wp-content\/uploads\/2024\/07\/Cikma-insaat-tahtasi-saglam-1-300x266.png 300w, https:\/\/ucuzspotcu.com\/cikma\/wp-content\/uploads\/2024\/07\/Cikma-insaat-tahtasi-saglam-1-600x532.png 600w\" sizes=\"auto, (max-width: 711px) 100vw, 711px\" \/><\/p>\n","protected":false},"excerpt":{"rendered":"<p>\u00c7\u0131kma in\u015faat tahtas\u0131 sa\u011flam Kullan\u0131m Alanlar\u0131. 2. el kereste letgo <strong>2 El kereste Fiyatlar\u0131 sahibinden<\/strong><br \/>\n2. el kereste fiyatlar\u0131 \u0130n\u015faat Sekt\u00f6r\u00fc; Peyzaj Mimarl\u0131\u011f\u0131; Mobilya Sekt\u00f6r\u00fc; Marangoz Fabrikam\u0131z i\u00e7erisinde \u00fcretilen \u00fcr\u00fcnler sert, dayan\u0131kl\u0131, \u0130kinci el in\u015faat kerestesi yeni bi\u00e7ilmi\u015f kerestelere nazaran daha sa\u011flam ve ekonomiktir. Evgen kolay y\u0131pranmayan<\/p>\n","protected":false},"featured_media":457,"template":"","meta":[],"product_brand":[],"product_cat":[32],"product_tag":[],"class_list":{"0":"post-456","1":"product","2":"type-product","3":"status-publish","4":"has-post-thumbnail","6":"product_cat-ikinci-el-mobilya","8":"first","9":"instock","10":"sale","11":"shipping-taxable","12":"purchasable","13":"product-type-simple"},"_links":{"self":[{"href":"https:\/\/ucuzspotcu.com\/cikma\/wp-json\/wp\/v2\/product\/456","targetHints":{"allow":["GET"]}}],"collection":[{"href":"https:\/\/ucuzspotcu.com\/cikma\/wp-json\/wp\/v2\/product"}],"about":[{"href":"https:\/\/ucuzspotcu.com\/cikma\/wp-json\/wp\/v2\/types\/product"}],"wp:featuredmedia":[{"embeddable":true,"href":"https:\/\/ucuzspotcu.com\/cikma\/wp-json\/wp\/v2\/media\/457"}],"wp:attachment":[{"href":"https:\/\/ucuzspotcu.com\/cikma\/wp-json\/wp\/v2\/media?parent=456"}],"wp:term":[{"taxonomy":"product_brand","embeddable":true,"href":"https:\/\/ucuzspotcu.com\/cikma\/wp-json\/wp\/v2\/product_brand?post=456"},{"taxonomy":"product_cat","embeddable":true,"href":"https:\/\/ucuzspotcu.com\/cikma\/wp-json\/wp\/v2\/product_cat?post=456"},{"taxonomy":"product_tag","embeddable":true,"href":"https:\/\/ucuzspotcu.com\/cikma\/wp-json\/wp\/v2\/product_tag?post=456"}],"curies":[{"name":"wp","href":"https:\/\/api.w.org\/{rel}","templated":true}]}}