{"id":452,"date":"2024-07-05T09:05:01","date_gmt":"2024-07-05T06:05:01","guid":{"rendered":"https:\/\/ucuzspotcu.com\/cikma\/?post_type=product&#038;p=452"},"modified":"2024-07-05T09:05:01","modified_gmt":"2024-07-05T06:05:01","slug":"kirmizi-boyali-cikma-kilit-tasi-5-kamyon-temiz-parke-tasi","status":"publish","type":"product","link":"https:\/\/ucuzspotcu.com\/cikma\/urun\/kirmizi-boyali-cikma-kilit-tasi-5-kamyon-temiz-parke-tasi\/","title":{"rendered":"K\u0131rm\u0131z\u0131 boyal\u0131 \u00e7\u0131kma kilit ta\u015f\u0131 5 kamyon temiz parke ta\u015f\u0131"},"content":{"rendered":"<p><img loading=\"lazy\" decoding=\"async\" class=\"aligncenter size-full wp-image-453\" src=\"https:\/\/ucuzspotcu.com\/cikma\/wp-content\/uploads\/2024\/07\/Kirmizi-boyali-cikma-kilit-tasi-2.png\" alt=\"\" width=\"998\" height=\"478\" title=\"\" srcset=\"https:\/\/ucuzspotcu.com\/cikma\/wp-content\/uploads\/2024\/07\/Kirmizi-boyali-cikma-kilit-tasi-2.png 998w, https:\/\/ucuzspotcu.com\/cikma\/wp-content\/uploads\/2024\/07\/Kirmizi-boyali-cikma-kilit-tasi-2-300x144.png 300w, https:\/\/ucuzspotcu.com\/cikma\/wp-content\/uploads\/2024\/07\/Kirmizi-boyali-cikma-kilit-tasi-2-768x368.png 768w, https:\/\/ucuzspotcu.com\/cikma\/wp-content\/uploads\/2024\/07\/Kirmizi-boyali-cikma-kilit-tasi-2-600x287.png 600w\" sizes=\"auto, (max-width: 998px) 100vw, 998px\" \/> <img loading=\"lazy\" decoding=\"async\" class=\"aligncenter size-full wp-image-454\" src=\"https:\/\/ucuzspotcu.com\/cikma\/wp-content\/uploads\/2024\/07\/Kirmizi-boyali-cikma-kilit-tasi-1.png\" alt=\"\" width=\"952\" height=\"540\" title=\"\" srcset=\"https:\/\/ucuzspotcu.com\/cikma\/wp-content\/uploads\/2024\/07\/Kirmizi-boyali-cikma-kilit-tasi-1.png 952w, https:\/\/ucuzspotcu.com\/cikma\/wp-content\/uploads\/2024\/07\/Kirmizi-boyali-cikma-kilit-tasi-1-300x170.png 300w, https:\/\/ucuzspotcu.com\/cikma\/wp-content\/uploads\/2024\/07\/Kirmizi-boyali-cikma-kilit-tasi-1-768x436.png 768w, https:\/\/ucuzspotcu.com\/cikma\/wp-content\/uploads\/2024\/07\/Kirmizi-boyali-cikma-kilit-tasi-1-600x340.png 600w\" sizes=\"auto, (max-width: 952px) 100vw, 952px\" \/><\/p>\n","protected":false},"excerpt":{"rendered":"<p><strong>K\u0131rm\u0131z\u0131 boyal\u0131 \u00e7\u0131kma kilit ta\u015f\u0131 \u00cdstanbul anadolu<\/strong> ve avrupa yakasinda kilit parke tasi s\u00f6k\u00fcm\u00fc vard\u0131r Gri 6&#8217;l\u0131k Kilit ta\u015f\u0131 m2 birim fiyat\u0131 g\u00fcncel 44 TL. K\u0131rm\u0131z\u0131 6&#8217;l\u0131k Kilit ta\u015f\u0131 m2 birim fiyat\u0131 g\u00fcncel 48 TL. kamyonu 300dir nakliye aliciya ait kamyondan 80 ile 100kare arasi tas cikar. Kilit Ta\u015f\u0131, Kilit Ta\u015f\u0131 Fiyatlar\u0131 ve Parke Ta\u015f\u0131 Anahtar Teslim \u015eok Kampanyalar. \u00dccretsiz Ke\u015fif<\/p>\n","protected":false},"featured_media":454,"template":"","meta":[],"product_brand":[],"product_cat":[15],"product_tag":[],"class_list":{"0":"post-452","1":"product","2":"type-product","3":"status-publish","4":"has-post-thumbnail","6":"product_cat-ikinci-el-esya","8":"first","9":"instock","10":"sale","11":"shipping-taxable","12":"purchasable","13":"product-type-simple"},"_links":{"self":[{"href":"https:\/\/ucuzspotcu.com\/cikma\/wp-json\/wp\/v2\/product\/452","targetHints":{"allow":["GET"]}}],"collection":[{"href":"https:\/\/ucuzspotcu.com\/cikma\/wp-json\/wp\/v2\/product"}],"about":[{"href":"https:\/\/ucuzspotcu.com\/cikma\/wp-json\/wp\/v2\/types\/product"}],"wp:featuredmedia":[{"embeddable":true,"href":"https:\/\/ucuzspotcu.com\/cikma\/wp-json\/wp\/v2\/media\/454"}],"wp:attachment":[{"href":"https:\/\/ucuzspotcu.com\/cikma\/wp-json\/wp\/v2\/media?parent=452"}],"wp:term":[{"taxonomy":"product_brand","embeddable":true,"href":"https:\/\/ucuzspotcu.com\/cikma\/wp-json\/wp\/v2\/product_brand?post=452"},{"taxonomy":"product_cat","embeddable":true,"href":"https:\/\/ucuzspotcu.com\/cikma\/wp-json\/wp\/v2\/product_cat?post=452"},{"taxonomy":"product_tag","embeddable":true,"href":"https:\/\/ucuzspotcu.com\/cikma\/wp-json\/wp\/v2\/product_tag?post=452"}],"curies":[{"name":"wp","href":"https:\/\/api.w.org\/{rel}","templated":true}]}}