{"id":448,"date":"2024-06-29T08:47:40","date_gmt":"2024-06-29T05:47:40","guid":{"rendered":"https:\/\/ucuzspotcu.com\/cikma\/?post_type=product&#038;p=448"},"modified":"2024-06-29T08:47:40","modified_gmt":"2024-06-29T05:47:40","slug":"celik-halat-ikinci-el-paslanmaz-saglam-halat-500-metre","status":"publish","type":"product","link":"https:\/\/ucuzspotcu.com\/cikma\/urun\/celik-halat-ikinci-el-paslanmaz-saglam-halat-500-metre\/","title":{"rendered":"\u00c7elik halat ikinci el paslanmaz sa\u011flam halat 500 metre"},"content":{"rendered":"<p><img loading=\"lazy\" decoding=\"async\" class=\"aligncenter size-full wp-image-449\" src=\"https:\/\/ucuzspotcu.com\/cikma\/wp-content\/uploads\/2024\/06\/Celik-halat-ikinci-el-2.png\" alt=\"\" width=\"971\" height=\"626\" title=\"\" srcset=\"https:\/\/ucuzspotcu.com\/cikma\/wp-content\/uploads\/2024\/06\/Celik-halat-ikinci-el-2.png 971w, https:\/\/ucuzspotcu.com\/cikma\/wp-content\/uploads\/2024\/06\/Celik-halat-ikinci-el-2-300x193.png 300w, https:\/\/ucuzspotcu.com\/cikma\/wp-content\/uploads\/2024\/06\/Celik-halat-ikinci-el-2-768x495.png 768w, https:\/\/ucuzspotcu.com\/cikma\/wp-content\/uploads\/2024\/06\/Celik-halat-ikinci-el-2-600x387.png 600w\" sizes=\"auto, (max-width: 971px) 100vw, 971px\" \/> <img loading=\"lazy\" decoding=\"async\" class=\"aligncenter size-full wp-image-450\" src=\"https:\/\/ucuzspotcu.com\/cikma\/wp-content\/uploads\/2024\/06\/Celik-halat-ikinci-el-1.png\" alt=\"\" width=\"981\" height=\"630\" title=\"\" srcset=\"https:\/\/ucuzspotcu.com\/cikma\/wp-content\/uploads\/2024\/06\/Celik-halat-ikinci-el-1.png 981w, https:\/\/ucuzspotcu.com\/cikma\/wp-content\/uploads\/2024\/06\/Celik-halat-ikinci-el-1-300x193.png 300w, https:\/\/ucuzspotcu.com\/cikma\/wp-content\/uploads\/2024\/06\/Celik-halat-ikinci-el-1-768x493.png 768w, https:\/\/ucuzspotcu.com\/cikma\/wp-content\/uploads\/2024\/06\/Celik-halat-ikinci-el-1-600x385.png 600w\" sizes=\"auto, (max-width: 981px) 100vw, 981px\" \/><\/p>\n","protected":false},"excerpt":{"rendered":"<p><strong>\u00c7elik halat ikinci el Kaliteli \u00dcr\u00fcnler,<\/strong> Kaliteli Hizmet Anlay\u0131\u015f\u0131, Uygun fiyatlar ve h\u0131zl\u0131 kargo Binlerce \u00dcr\u00fcne G\u00f6z At\u0131n ve Ke\u015ffedin. M\u00fc\u015fteri Yorumlar\u0131n\u0131 15 Y\u0131ll\u0131k Tecr\u00fcbe ile \u00c7elik halat. Kalite 12ton4mt \u00e7elik halat &#8211; \u0130kinci El Elektrikli Kaynak Makinesi ve el aletleri uygun fiyatlarla ilan ve al\u0131\u015fveri\u015fte ve G\u00fcvenin Bulu\u015ftu\u011fu \u00c7elik halat \u00dcr\u00fcnleri Burada. \u0130yi fiyat 1mm 1.5mm 2mm 3mm 4mm 5mm 6mm 7mm 8mm 9mm 10mm AISI SUS 304 316 paslanmaz \u00e7elik tel halat<\/p>\n","protected":false},"featured_media":449,"template":"","meta":[],"product_brand":[],"product_cat":[15],"product_tag":[],"class_list":{"0":"post-448","1":"product","2":"type-product","3":"status-publish","4":"has-post-thumbnail","6":"product_cat-ikinci-el-esya","8":"first","9":"instock","10":"sale","11":"shipping-taxable","12":"purchasable","13":"product-type-simple"},"_links":{"self":[{"href":"https:\/\/ucuzspotcu.com\/cikma\/wp-json\/wp\/v2\/product\/448","targetHints":{"allow":["GET"]}}],"collection":[{"href":"https:\/\/ucuzspotcu.com\/cikma\/wp-json\/wp\/v2\/product"}],"about":[{"href":"https:\/\/ucuzspotcu.com\/cikma\/wp-json\/wp\/v2\/types\/product"}],"wp:featuredmedia":[{"embeddable":true,"href":"https:\/\/ucuzspotcu.com\/cikma\/wp-json\/wp\/v2\/media\/449"}],"wp:attachment":[{"href":"https:\/\/ucuzspotcu.com\/cikma\/wp-json\/wp\/v2\/media?parent=448"}],"wp:term":[{"taxonomy":"product_brand","embeddable":true,"href":"https:\/\/ucuzspotcu.com\/cikma\/wp-json\/wp\/v2\/product_brand?post=448"},{"taxonomy":"product_cat","embeddable":true,"href":"https:\/\/ucuzspotcu.com\/cikma\/wp-json\/wp\/v2\/product_cat?post=448"},{"taxonomy":"product_tag","embeddable":true,"href":"https:\/\/ucuzspotcu.com\/cikma\/wp-json\/wp\/v2\/product_tag?post=448"}],"curies":[{"name":"wp","href":"https:\/\/api.w.org\/{rel}","templated":true}]}}