{"id":441,"date":"2024-06-24T09:10:47","date_gmt":"2024-06-24T06:10:47","guid":{"rendered":"https:\/\/ucuzspotcu.com\/cikma\/?post_type=product&#038;p=441"},"modified":"2024-06-24T09:10:47","modified_gmt":"2024-06-24T06:10:47","slug":"demir-muhafazali-su-deposu-ikinci-el-darbeye-karsi-korumali-temiz-su-tanki","status":"publish","type":"product","link":"https:\/\/ucuzspotcu.com\/cikma\/urun\/demir-muhafazali-su-deposu-ikinci-el-darbeye-karsi-korumali-temiz-su-tanki\/","title":{"rendered":"Demir muhafazal\u0131 su deposu ikinci el darbeye kar\u015f\u0131 korumal\u0131 temiz su tank\u0131"},"content":{"rendered":"<p><img loading=\"lazy\" decoding=\"async\" class=\"aligncenter size-full wp-image-442\" src=\"https:\/\/ucuzspotcu.com\/cikma\/wp-content\/uploads\/2024\/06\/demir-muhafazali-su-deposu-2.png\" alt=\"\" width=\"1056\" height=\"613\" title=\"\" srcset=\"https:\/\/ucuzspotcu.com\/cikma\/wp-content\/uploads\/2024\/06\/demir-muhafazali-su-deposu-2.png 1056w, https:\/\/ucuzspotcu.com\/cikma\/wp-content\/uploads\/2024\/06\/demir-muhafazali-su-deposu-2-300x174.png 300w, https:\/\/ucuzspotcu.com\/cikma\/wp-content\/uploads\/2024\/06\/demir-muhafazali-su-deposu-2-1024x594.png 1024w, https:\/\/ucuzspotcu.com\/cikma\/wp-content\/uploads\/2024\/06\/demir-muhafazali-su-deposu-2-768x446.png 768w, https:\/\/ucuzspotcu.com\/cikma\/wp-content\/uploads\/2024\/06\/demir-muhafazali-su-deposu-2-600x348.png 600w\" sizes=\"auto, (max-width: 1056px) 100vw, 1056px\" \/> <img loading=\"lazy\" decoding=\"async\" class=\"aligncenter size-full wp-image-443\" src=\"https:\/\/ucuzspotcu.com\/cikma\/wp-content\/uploads\/2024\/06\/demir-muhafazali-su-deposu-3.png\" alt=\"\" width=\"801\" height=\"605\" title=\"\" srcset=\"https:\/\/ucuzspotcu.com\/cikma\/wp-content\/uploads\/2024\/06\/demir-muhafazali-su-deposu-3.png 801w, https:\/\/ucuzspotcu.com\/cikma\/wp-content\/uploads\/2024\/06\/demir-muhafazali-su-deposu-3-300x227.png 300w, https:\/\/ucuzspotcu.com\/cikma\/wp-content\/uploads\/2024\/06\/demir-muhafazali-su-deposu-3-768x580.png 768w, https:\/\/ucuzspotcu.com\/cikma\/wp-content\/uploads\/2024\/06\/demir-muhafazali-su-deposu-3-160x120.png 160w, https:\/\/ucuzspotcu.com\/cikma\/wp-content\/uploads\/2024\/06\/demir-muhafazali-su-deposu-3-600x453.png 600w\" sizes=\"auto, (max-width: 801px) 100vw, 801px\" \/> <img loading=\"lazy\" decoding=\"async\" class=\"aligncenter size-full wp-image-444\" src=\"https:\/\/ucuzspotcu.com\/cikma\/wp-content\/uploads\/2024\/06\/demir-muhafazali-su-deposu-1.png\" alt=\"\" width=\"1080\" height=\"620\" title=\"\" srcset=\"https:\/\/ucuzspotcu.com\/cikma\/wp-content\/uploads\/2024\/06\/demir-muhafazali-su-deposu-1.png 1080w, https:\/\/ucuzspotcu.com\/cikma\/wp-content\/uploads\/2024\/06\/demir-muhafazali-su-deposu-1-300x172.png 300w, https:\/\/ucuzspotcu.com\/cikma\/wp-content\/uploads\/2024\/06\/demir-muhafazali-su-deposu-1-1024x588.png 1024w, https:\/\/ucuzspotcu.com\/cikma\/wp-content\/uploads\/2024\/06\/demir-muhafazali-su-deposu-1-768x441.png 768w, https:\/\/ucuzspotcu.com\/cikma\/wp-content\/uploads\/2024\/06\/demir-muhafazali-su-deposu-1-600x344.png 600w\" sizes=\"auto, (max-width: 1080px) 100vw, 1080px\" \/><\/p>\n","protected":false},"excerpt":{"rendered":"<p>Demir muhafazal\u0131 su deposu ikinci el darbeye kar\u015f\u0131 korumal\u0131 temiz su tank\u0131 \u0130kinci El ve S\u0131f\u0131r Al\u0131\u015fveri\u015f \u00b7 Emlak Vas\u0131ta Yedek Par\u00e7a, Aksesuar, Donan\u0131m 5 tonluk su tank\u0131 ka\u00e7 TL?<br \/>\nEn sa\u011fl\u0131kl\u0131 su deposu hangisi? Su deposu fiyatlar\u0131 hakk\u0131nda hemen t\u0131klay\u0131p h\u0131zl\u0131ca detayl\u0131 bilgi sahibi olabilirsiniz. Su Deposu modelleri<br \/>\n3 tonluk su deposu fiyatlar\u0131 ne kadar?<br \/>\n 1 Tonluk depo. 6.000 TL \u0130kinci El ve S\u0131f\u0131r Al\u0131\u015fveri\u015f \u00b7 Emlak Vas\u0131ta Yedek Par\u00e7a, Aksesuar<\/p>\n","protected":false},"featured_media":444,"template":"","meta":[],"product_brand":[],"product_cat":[15],"product_tag":[],"class_list":{"0":"post-441","1":"product","2":"type-product","3":"status-publish","4":"has-post-thumbnail","6":"product_cat-ikinci-el-esya","8":"first","9":"instock","10":"sale","11":"shipping-taxable","12":"purchasable","13":"product-type-simple"},"_links":{"self":[{"href":"https:\/\/ucuzspotcu.com\/cikma\/wp-json\/wp\/v2\/product\/441","targetHints":{"allow":["GET"]}}],"collection":[{"href":"https:\/\/ucuzspotcu.com\/cikma\/wp-json\/wp\/v2\/product"}],"about":[{"href":"https:\/\/ucuzspotcu.com\/cikma\/wp-json\/wp\/v2\/types\/product"}],"wp:featuredmedia":[{"embeddable":true,"href":"https:\/\/ucuzspotcu.com\/cikma\/wp-json\/wp\/v2\/media\/444"}],"wp:attachment":[{"href":"https:\/\/ucuzspotcu.com\/cikma\/wp-json\/wp\/v2\/media?parent=441"}],"wp:term":[{"taxonomy":"product_brand","embeddable":true,"href":"https:\/\/ucuzspotcu.com\/cikma\/wp-json\/wp\/v2\/product_brand?post=441"},{"taxonomy":"product_cat","embeddable":true,"href":"https:\/\/ucuzspotcu.com\/cikma\/wp-json\/wp\/v2\/product_cat?post=441"},{"taxonomy":"product_tag","embeddable":true,"href":"https:\/\/ucuzspotcu.com\/cikma\/wp-json\/wp\/v2\/product_tag?post=441"}],"curies":[{"name":"wp","href":"https:\/\/api.w.org\/{rel}","templated":true}]}}