{"id":437,"date":"2024-06-15T10:03:40","date_gmt":"2024-06-15T07:03:40","guid":{"rendered":"https:\/\/ucuzspotcu.com\/cikma\/?post_type=product&#038;p=437"},"modified":"2024-06-15T10:03:40","modified_gmt":"2024-06-15T07:03:40","slug":"ikea-gardirop-giysi-dolabi-ikinci-el-satilik-mobilyalar","status":"publish","type":"product","link":"https:\/\/ucuzspotcu.com\/cikma\/urun\/ikea-gardirop-giysi-dolabi-ikinci-el-satilik-mobilyalar\/","title":{"rendered":"Ikea gard\u0131rop \/ giysi dolab\u0131, \u0130kinci el sat\u0131l\u0131k mobilyalar"},"content":{"rendered":"<p><img loading=\"lazy\" decoding=\"async\" class=\"aligncenter size-full wp-image-438\" src=\"https:\/\/ucuzspotcu.com\/cikma\/wp-content\/uploads\/2024\/06\/2.el-elbise-dolabi-ikea-1.png\" alt=\"\" width=\"610\" height=\"624\" title=\"\" srcset=\"https:\/\/ucuzspotcu.com\/cikma\/wp-content\/uploads\/2024\/06\/2.el-elbise-dolabi-ikea-1.png 610w, https:\/\/ucuzspotcu.com\/cikma\/wp-content\/uploads\/2024\/06\/2.el-elbise-dolabi-ikea-1-293x300.png 293w, https:\/\/ucuzspotcu.com\/cikma\/wp-content\/uploads\/2024\/06\/2.el-elbise-dolabi-ikea-1-600x614.png 600w\" sizes=\"auto, (max-width: 610px) 100vw, 610px\" \/> <img loading=\"lazy\" decoding=\"async\" class=\"aligncenter size-full wp-image-439\" src=\"https:\/\/ucuzspotcu.com\/cikma\/wp-content\/uploads\/2024\/06\/2.el-elbise-dolabi-ikea-2.png\" alt=\"\" width=\"615\" height=\"626\" title=\"\" srcset=\"https:\/\/ucuzspotcu.com\/cikma\/wp-content\/uploads\/2024\/06\/2.el-elbise-dolabi-ikea-2.png 615w, https:\/\/ucuzspotcu.com\/cikma\/wp-content\/uploads\/2024\/06\/2.el-elbise-dolabi-ikea-2-295x300.png 295w, https:\/\/ucuzspotcu.com\/cikma\/wp-content\/uploads\/2024\/06\/2.el-elbise-dolabi-ikea-2-600x611.png 600w\" sizes=\"auto, (max-width: 615px) 100vw, 615px\" \/><\/p>\n","protected":false},"excerpt":{"rendered":"<p>2.el elbise dolab\u0131 ikea Ikea beyaz \u00e7al\u0131\u015fma masas\u0131 acil. 7.500 TL. esra8998. 6. Eskice &#8211; 100 x 60 x 237 cm Eskice. <strong>Ikea gard\u0131rop \/ giysi dolab\u0131, \u0130kinci el sat\u0131l\u0131k mobilyalar<\/strong> farkl\u0131 marka ve model iki kapakl\u0131 (ikinci el). 2.000 TL Gard\u0131rop modelleri uygun fiyatlar ile Ko\u00e7ta\u015f&#8217;ta. Gard\u0131rop modellerini incelemek ve evinize en<br \/>\nikea gardrop The Violet Bohem Elbise Dolab\u0131 Elbise Ask\u0131s\u0131 A\u00e7\u0131k Elbise Dolab\u0131 &#8211; Antrasit.<br \/>\nIKEA gard\u0131rop Fiyatlar\u0131<br \/>\nIKEA haz\u0131r gardrop<\/p>\n","protected":false},"featured_media":438,"template":"","meta":[],"product_brand":[],"product_cat":[32],"product_tag":[39],"class_list":{"0":"post-437","1":"product","2":"type-product","3":"status-publish","4":"has-post-thumbnail","6":"product_cat-ikinci-el-mobilya","7":"product_tag-ikinci-el-elbise-dolabi","9":"first","10":"instock","11":"sale","12":"shipping-taxable","13":"purchasable","14":"product-type-simple"},"_links":{"self":[{"href":"https:\/\/ucuzspotcu.com\/cikma\/wp-json\/wp\/v2\/product\/437","targetHints":{"allow":["GET"]}}],"collection":[{"href":"https:\/\/ucuzspotcu.com\/cikma\/wp-json\/wp\/v2\/product"}],"about":[{"href":"https:\/\/ucuzspotcu.com\/cikma\/wp-json\/wp\/v2\/types\/product"}],"wp:featuredmedia":[{"embeddable":true,"href":"https:\/\/ucuzspotcu.com\/cikma\/wp-json\/wp\/v2\/media\/438"}],"wp:attachment":[{"href":"https:\/\/ucuzspotcu.com\/cikma\/wp-json\/wp\/v2\/media?parent=437"}],"wp:term":[{"taxonomy":"product_brand","embeddable":true,"href":"https:\/\/ucuzspotcu.com\/cikma\/wp-json\/wp\/v2\/product_brand?post=437"},{"taxonomy":"product_cat","embeddable":true,"href":"https:\/\/ucuzspotcu.com\/cikma\/wp-json\/wp\/v2\/product_cat?post=437"},{"taxonomy":"product_tag","embeddable":true,"href":"https:\/\/ucuzspotcu.com\/cikma\/wp-json\/wp\/v2\/product_tag?post=437"}],"curies":[{"name":"wp","href":"https:\/\/api.w.org\/{rel}","templated":true}]}}