{"id":434,"date":"2024-06-15T10:01:12","date_gmt":"2024-06-15T07:01:12","guid":{"rendered":"https:\/\/ucuzspotcu.com\/cikma\/?post_type=product&#038;p=434"},"modified":"2024-06-15T10:01:12","modified_gmt":"2024-06-15T07:01:12","slug":"ikinci-el-santiye-ranzasi-ucuz-askeri-ranza-demir-ranza-ucuz-ranza","status":"publish","type":"product","link":"https:\/\/ucuzspotcu.com\/cikma\/urun\/ikinci-el-santiye-ranzasi-ucuz-askeri-ranza-demir-ranza-ucuz-ranza\/","title":{"rendered":"ikinci el \u015fantiye ranzas\u0131 ucuz Askeri Ranza, Demir Ranza, Ucuz Ranza"},"content":{"rendered":"<p><img loading=\"lazy\" decoding=\"async\" class=\"aligncenter size-full wp-image-435\" src=\"https:\/\/ucuzspotcu.com\/cikma\/wp-content\/uploads\/2024\/06\/ikinci-el-santiye-ranzasi-ucuz-2.png\" alt=\"\" width=\"773\" height=\"631\" title=\"\" srcset=\"https:\/\/ucuzspotcu.com\/cikma\/wp-content\/uploads\/2024\/06\/ikinci-el-santiye-ranzasi-ucuz-2.png 773w, https:\/\/ucuzspotcu.com\/cikma\/wp-content\/uploads\/2024\/06\/ikinci-el-santiye-ranzasi-ucuz-2-300x245.png 300w, https:\/\/ucuzspotcu.com\/cikma\/wp-content\/uploads\/2024\/06\/ikinci-el-santiye-ranzasi-ucuz-2-768x627.png 768w, https:\/\/ucuzspotcu.com\/cikma\/wp-content\/uploads\/2024\/06\/ikinci-el-santiye-ranzasi-ucuz-2-600x490.png 600w\" sizes=\"auto, (max-width: 773px) 100vw, 773px\" \/> <img loading=\"lazy\" decoding=\"async\" class=\"aligncenter size-full wp-image-436\" src=\"https:\/\/ucuzspotcu.com\/cikma\/wp-content\/uploads\/2024\/06\/ikinci-el-santiye-ranzasi-ucuz-1.png\" alt=\"\" width=\"766\" height=\"635\" title=\"\" srcset=\"https:\/\/ucuzspotcu.com\/cikma\/wp-content\/uploads\/2024\/06\/ikinci-el-santiye-ranzasi-ucuz-1.png 766w, https:\/\/ucuzspotcu.com\/cikma\/wp-content\/uploads\/2024\/06\/ikinci-el-santiye-ranzasi-ucuz-1-300x249.png 300w, https:\/\/ucuzspotcu.com\/cikma\/wp-content\/uploads\/2024\/06\/ikinci-el-santiye-ranzasi-ucuz-1-600x497.png 600w\" sizes=\"auto, (max-width: 766px) 100vw, 766px\" \/><\/p>\n","protected":false},"excerpt":{"rendered":"<p><strong>ikinci el \u015fantiye ranzas\u0131 ucuz \u015eantiye Ranzas\u0131 2.el \u015fantiye ranzalar\u0131,<\/strong> i\u015f\u00e7i ranzalar\u0131, ranza. Ara; \u0130kinci Kalite Malzeme; Soru Sor. \u015eantiye Ranza ile genellikle dar alanlarda faaliyet Ranza al\u0131rken nelere dikkat edilmeli? Ranza en fazla ka\u00e7 kilo ta\u015f\u0131r? Tek kisilik yatak ranza olur mu?<br \/>\nRanzan\u0131n fiyat\u0131 ne kadar?<br \/>\ng\u00f6sterilen in\u015faat \u015fantiyeleri gibi toplu kal\u0131nan yerlerde \u0130\u015f Makineleri \u0130\u015f\u00e7i Ranzas\u0131, \u015eantiye Ranzalar\u0131, Personel Ranzas\u0131, Askeri Ranza, Demir Ranza, Ucuz Ranza. Y\u0131ll\u0131k 50.000 adet Yayl\u0131 \u0130kinci el ve s\u0131f\u0131r ranza modelleri farkl\u0131 marka se\u00e7enekleri ve uygun fiyatlarla<\/p>\n","protected":false},"featured_media":436,"template":"","meta":[],"product_brand":[],"product_cat":[15],"product_tag":[35],"class_list":{"0":"post-434","1":"product","2":"type-product","3":"status-publish","4":"has-post-thumbnail","6":"product_cat-ikinci-el-esya","7":"product_tag-ikinci-el-ranza","9":"first","10":"instock","11":"sale","12":"shipping-taxable","13":"purchasable","14":"product-type-simple"},"_links":{"self":[{"href":"https:\/\/ucuzspotcu.com\/cikma\/wp-json\/wp\/v2\/product\/434","targetHints":{"allow":["GET"]}}],"collection":[{"href":"https:\/\/ucuzspotcu.com\/cikma\/wp-json\/wp\/v2\/product"}],"about":[{"href":"https:\/\/ucuzspotcu.com\/cikma\/wp-json\/wp\/v2\/types\/product"}],"wp:featuredmedia":[{"embeddable":true,"href":"https:\/\/ucuzspotcu.com\/cikma\/wp-json\/wp\/v2\/media\/436"}],"wp:attachment":[{"href":"https:\/\/ucuzspotcu.com\/cikma\/wp-json\/wp\/v2\/media?parent=434"}],"wp:term":[{"taxonomy":"product_brand","embeddable":true,"href":"https:\/\/ucuzspotcu.com\/cikma\/wp-json\/wp\/v2\/product_brand?post=434"},{"taxonomy":"product_cat","embeddable":true,"href":"https:\/\/ucuzspotcu.com\/cikma\/wp-json\/wp\/v2\/product_cat?post=434"},{"taxonomy":"product_tag","embeddable":true,"href":"https:\/\/ucuzspotcu.com\/cikma\/wp-json\/wp\/v2\/product_tag?post=434"}],"curies":[{"name":"wp","href":"https:\/\/api.w.org\/{rel}","templated":true}]}}