{"id":430,"date":"2024-06-11T09:45:16","date_gmt":"2024-06-11T06:45:16","guid":{"rendered":"https:\/\/ucuzspotcu.com\/cikma\/?post_type=product&#038;p=430"},"modified":"2024-06-11T09:45:16","modified_gmt":"2024-06-11T06:45:16","slug":"sifir-teshir-camasir-makinesi-defolu-camasir-makinesi","status":"publish","type":"product","link":"https:\/\/ucuzspotcu.com\/cikma\/urun\/sifir-teshir-camasir-makinesi-defolu-camasir-makinesi\/","title":{"rendered":"S\u0131f\u0131r Te\u015fhir \u00c7ama\u015f\u0131r Makinesi defolu \u00e7ama\u015f\u0131r makinesi"},"content":{"rendered":"<p><img loading=\"lazy\" decoding=\"async\" class=\"aligncenter size-full wp-image-431\" src=\"https:\/\/ucuzspotcu.com\/cikma\/wp-content\/uploads\/2024\/06\/defolu-camasir-makinesi-1.png\" alt=\"\" width=\"567\" height=\"634\" title=\"\" srcset=\"https:\/\/ucuzspotcu.com\/cikma\/wp-content\/uploads\/2024\/06\/defolu-camasir-makinesi-1.png 567w, https:\/\/ucuzspotcu.com\/cikma\/wp-content\/uploads\/2024\/06\/defolu-camasir-makinesi-1-268x300.png 268w\" sizes=\"auto, (max-width: 567px) 100vw, 567px\" \/> <img loading=\"lazy\" decoding=\"async\" class=\"aligncenter size-full wp-image-432\" src=\"https:\/\/ucuzspotcu.com\/cikma\/wp-content\/uploads\/2024\/06\/defolu-camasir-makinesi-2.png\" alt=\"\" width=\"1080\" height=\"615\" title=\"\" srcset=\"https:\/\/ucuzspotcu.com\/cikma\/wp-content\/uploads\/2024\/06\/defolu-camasir-makinesi-2.png 1080w, https:\/\/ucuzspotcu.com\/cikma\/wp-content\/uploads\/2024\/06\/defolu-camasir-makinesi-2-300x171.png 300w, https:\/\/ucuzspotcu.com\/cikma\/wp-content\/uploads\/2024\/06\/defolu-camasir-makinesi-2-1024x583.png 1024w, https:\/\/ucuzspotcu.com\/cikma\/wp-content\/uploads\/2024\/06\/defolu-camasir-makinesi-2-768x437.png 768w, https:\/\/ucuzspotcu.com\/cikma\/wp-content\/uploads\/2024\/06\/defolu-camasir-makinesi-2-600x342.png 600w\" sizes=\"auto, (max-width: 1080px) 100vw, 1080px\" \/> <img loading=\"lazy\" decoding=\"async\" class=\"aligncenter size-full wp-image-433\" src=\"https:\/\/ucuzspotcu.com\/cikma\/wp-content\/uploads\/2024\/06\/defolu-camasir-makinesi-3.png\" alt=\"\" width=\"947\" height=\"631\" title=\"\" srcset=\"https:\/\/ucuzspotcu.com\/cikma\/wp-content\/uploads\/2024\/06\/defolu-camasir-makinesi-3.png 947w, https:\/\/ucuzspotcu.com\/cikma\/wp-content\/uploads\/2024\/06\/defolu-camasir-makinesi-3-300x200.png 300w, https:\/\/ucuzspotcu.com\/cikma\/wp-content\/uploads\/2024\/06\/defolu-camasir-makinesi-3-768x512.png 768w, https:\/\/ucuzspotcu.com\/cikma\/wp-content\/uploads\/2024\/06\/defolu-camasir-makinesi-3-600x400.png 600w\" sizes=\"auto, (max-width: 947px) 100vw, 947px\" \/><\/p>\n","protected":false},"excerpt":{"rendered":"<p>defolu \u00e7ama\u015f\u0131r makinesi Defolu \u00e7ama\u015f\u0131r makinesi modelleri <strong>S\u0131f\u0131r Te\u015fhir \u00c7ama\u015f\u0131r Makinesi<\/strong> \u00b7 SIFIR DEFO YOK AR\u00c7EL\u0130K 8 KG KURUTMA Ekonomik fiyatlarla defolu \u00e7ama\u015f\u0131r makinelerini ke\u015ffedin Defolu Te\u015fhir \u00c7ama\u015f\u0131r Makinesi. \u00dccretsiz Kargo. Hemen Kargo. \u0130ndirimde. S\u0131rala, Tarihe G\u00f6re, Fiyata Gore, \u00dcr\u00fcn Ad\u0131na Spot Beyaz E\u015fya \u00dcr\u00fcnleri S\u0131f\u0131r veya Fabrikadan Defolu \u00c7ama\u015f\u0131r Makineleri ya da ikinci El \u00c7ama\u015f\u0131r Makinesi \u00dcr\u00fcnlerini<\/p>\n","protected":false},"featured_media":433,"template":"","meta":[],"product_brand":[],"product_cat":[33],"product_tag":[38],"class_list":{"0":"post-430","1":"product","2":"type-product","3":"status-publish","4":"has-post-thumbnail","6":"product_cat-spot-defolu-esya","7":"product_tag-ikinci-el-camasir-makinesi","9":"first","10":"instock","11":"sale","12":"shipping-taxable","13":"purchasable","14":"product-type-simple"},"_links":{"self":[{"href":"https:\/\/ucuzspotcu.com\/cikma\/wp-json\/wp\/v2\/product\/430","targetHints":{"allow":["GET"]}}],"collection":[{"href":"https:\/\/ucuzspotcu.com\/cikma\/wp-json\/wp\/v2\/product"}],"about":[{"href":"https:\/\/ucuzspotcu.com\/cikma\/wp-json\/wp\/v2\/types\/product"}],"wp:featuredmedia":[{"embeddable":true,"href":"https:\/\/ucuzspotcu.com\/cikma\/wp-json\/wp\/v2\/media\/433"}],"wp:attachment":[{"href":"https:\/\/ucuzspotcu.com\/cikma\/wp-json\/wp\/v2\/media?parent=430"}],"wp:term":[{"taxonomy":"product_brand","embeddable":true,"href":"https:\/\/ucuzspotcu.com\/cikma\/wp-json\/wp\/v2\/product_brand?post=430"},{"taxonomy":"product_cat","embeddable":true,"href":"https:\/\/ucuzspotcu.com\/cikma\/wp-json\/wp\/v2\/product_cat?post=430"},{"taxonomy":"product_tag","embeddable":true,"href":"https:\/\/ucuzspotcu.com\/cikma\/wp-json\/wp\/v2\/product_tag?post=430"}],"curies":[{"name":"wp","href":"https:\/\/api.w.org\/{rel}","templated":true}]}}