{"id":427,"date":"2024-06-11T09:40:38","date_gmt":"2024-06-11T06:40:38","guid":{"rendered":"https:\/\/ucuzspotcu.com\/cikma\/?post_type=product&#038;p=427"},"modified":"2024-06-11T09:40:38","modified_gmt":"2024-06-11T06:40:38","slug":"2-el-6-aylik-tertemiz-mini-buzdolabi-sahibinden-buro-tipi-buzdolabi","status":"publish","type":"product","link":"https:\/\/ucuzspotcu.com\/cikma\/urun\/2-el-6-aylik-tertemiz-mini-buzdolabi-sahibinden-buro-tipi-buzdolabi\/","title":{"rendered":"2.el 6 ayl\u0131k tertemiz mini buzdolab\u0131 sahibinden b\u00fcro tipi buzdolab\u0131"},"content":{"rendered":"<div id=\"attachment_428\" style=\"width: 846px\" class=\"wp-caption aligncenter\"><img loading=\"lazy\" decoding=\"async\" aria-describedby=\"caption-attachment-428\" class=\"wp-image-428 size-full\" title=\"ikinci el mini buzdolab\u0131\" src=\"https:\/\/ucuzspotcu.com\/cikma\/wp-content\/uploads\/2024\/06\/ikinci-el-mini-buzdolabi-2.png\" alt=\"\" width=\"836\" height=\"622\" srcset=\"https:\/\/ucuzspotcu.com\/cikma\/wp-content\/uploads\/2024\/06\/ikinci-el-mini-buzdolabi-2.png 836w, https:\/\/ucuzspotcu.com\/cikma\/wp-content\/uploads\/2024\/06\/ikinci-el-mini-buzdolabi-2-300x223.png 300w, https:\/\/ucuzspotcu.com\/cikma\/wp-content\/uploads\/2024\/06\/ikinci-el-mini-buzdolabi-2-768x571.png 768w, https:\/\/ucuzspotcu.com\/cikma\/wp-content\/uploads\/2024\/06\/ikinci-el-mini-buzdolabi-2-160x120.png 160w, https:\/\/ucuzspotcu.com\/cikma\/wp-content\/uploads\/2024\/06\/ikinci-el-mini-buzdolabi-2-600x446.png 600w\" sizes=\"auto, (max-width: 836px) 100vw, 836px\" \/><p id=\"caption-attachment-428\" class=\"wp-caption-text\">ikinci el mini buzdolab\u0131<\/p><\/div>\n<p><img loading=\"lazy\" decoding=\"async\" class=\"aligncenter size-full wp-image-429\" src=\"https:\/\/ucuzspotcu.com\/cikma\/wp-content\/uploads\/2024\/06\/ikinci-el-mini-buzdolabi-1.png\" alt=\"\" width=\"912\" height=\"631\" title=\"\" srcset=\"https:\/\/ucuzspotcu.com\/cikma\/wp-content\/uploads\/2024\/06\/ikinci-el-mini-buzdolabi-1.png 912w, https:\/\/ucuzspotcu.com\/cikma\/wp-content\/uploads\/2024\/06\/ikinci-el-mini-buzdolabi-1-300x208.png 300w, https:\/\/ucuzspotcu.com\/cikma\/wp-content\/uploads\/2024\/06\/ikinci-el-mini-buzdolabi-1-768x531.png 768w, https:\/\/ucuzspotcu.com\/cikma\/wp-content\/uploads\/2024\/06\/ikinci-el-mini-buzdolabi-1-600x415.png 600w\" sizes=\"auto, (max-width: 912px) 100vw, 912px\" \/><\/p>\n","protected":false},"excerpt":{"rendered":"<p>ikinci el mini buzdolab\u0131 Mini Buzdolab\u0131 <strong>mini buzdolab\u0131 2.el letgo Kek vitrin fiyat su\u015fi<\/strong> 2 kap\u0131 dondurucu ekran buzdolaplar\u0131 ekran so\u011futucu geri s\u00fcrg\u00fcl\u00fc kap\u0131 2.el mini buzdolab\u0131 sahibinden mini buzdolab\u0131 &#8211; a101, bim, \u015fok <strong>Mini Buzdolab\u0131<\/strong> modelleri ile arad\u0131\u011f\u0131n yeni sezon \u00fcr\u00fcnleri sevdi\u011fin markalarla Trendyol&#8217;da. Mini Buzdolab\u0131 \u00e7e\u015fitlerini indirimli fiyatlarla almak i\u00e7in t\u0131kla<\/p>\n","protected":false},"featured_media":429,"template":"","meta":[],"product_brand":[],"product_cat":[30],"product_tag":[37],"class_list":{"0":"post-427","1":"product","2":"type-product","3":"status-publish","4":"has-post-thumbnail","6":"product_cat-ikinci-el-beyaz-esya","7":"product_tag-ikinci-el-buzdolabi","9":"first","10":"instock","11":"sale","12":"shipping-taxable","13":"purchasable","14":"product-type-simple"},"_links":{"self":[{"href":"https:\/\/ucuzspotcu.com\/cikma\/wp-json\/wp\/v2\/product\/427","targetHints":{"allow":["GET"]}}],"collection":[{"href":"https:\/\/ucuzspotcu.com\/cikma\/wp-json\/wp\/v2\/product"}],"about":[{"href":"https:\/\/ucuzspotcu.com\/cikma\/wp-json\/wp\/v2\/types\/product"}],"wp:featuredmedia":[{"embeddable":true,"href":"https:\/\/ucuzspotcu.com\/cikma\/wp-json\/wp\/v2\/media\/429"}],"wp:attachment":[{"href":"https:\/\/ucuzspotcu.com\/cikma\/wp-json\/wp\/v2\/media?parent=427"}],"wp:term":[{"taxonomy":"product_brand","embeddable":true,"href":"https:\/\/ucuzspotcu.com\/cikma\/wp-json\/wp\/v2\/product_brand?post=427"},{"taxonomy":"product_cat","embeddable":true,"href":"https:\/\/ucuzspotcu.com\/cikma\/wp-json\/wp\/v2\/product_cat?post=427"},{"taxonomy":"product_tag","embeddable":true,"href":"https:\/\/ucuzspotcu.com\/cikma\/wp-json\/wp\/v2\/product_tag?post=427"}],"curies":[{"name":"wp","href":"https:\/\/api.w.org\/{rel}","templated":true}]}}