{"id":420,"date":"2024-06-11T09:32:01","date_gmt":"2024-06-11T06:32:01","guid":{"rendered":"https:\/\/ucuzspotcu.com\/cikma\/?post_type=product&#038;p=420"},"modified":"2024-06-11T09:32:01","modified_gmt":"2024-06-11T06:32:01","slug":"ikinci-el-demir-kesme-makinesi-insaat-malzemeleri-a-s-bukme-makinalari","status":"publish","type":"product","link":"https:\/\/ucuzspotcu.com\/cikma\/urun\/ikinci-el-demir-kesme-makinesi-insaat-malzemeleri-a-s-bukme-makinalari\/","title":{"rendered":"ikinci el demir kesme makinesi \u0130n\u015faat Malzemeleri. A. \u015e. B\u00fckme Makinalar\u0131"},"content":{"rendered":"<p><img loading=\"lazy\" decoding=\"async\" class=\"aligncenter size-full wp-image-421\" src=\"https:\/\/ucuzspotcu.com\/cikma\/wp-content\/uploads\/2024\/06\/ikinci-el-demir-kesme-makinesi-2.png\" alt=\"\" width=\"792\" height=\"634\" title=\"\" srcset=\"https:\/\/ucuzspotcu.com\/cikma\/wp-content\/uploads\/2024\/06\/ikinci-el-demir-kesme-makinesi-2.png 792w, https:\/\/ucuzspotcu.com\/cikma\/wp-content\/uploads\/2024\/06\/ikinci-el-demir-kesme-makinesi-2-300x240.png 300w, https:\/\/ucuzspotcu.com\/cikma\/wp-content\/uploads\/2024\/06\/ikinci-el-demir-kesme-makinesi-2-768x615.png 768w, https:\/\/ucuzspotcu.com\/cikma\/wp-content\/uploads\/2024\/06\/ikinci-el-demir-kesme-makinesi-2-600x480.png 600w\" sizes=\"auto, (max-width: 792px) 100vw, 792px\" \/><\/p>\n<p><img loading=\"lazy\" decoding=\"async\" class=\"aligncenter size-full wp-image-422\" src=\"https:\/\/ucuzspotcu.com\/cikma\/wp-content\/uploads\/2024\/06\/ikinci-el-demir-kesme-makinesi-1.png\" alt=\"\" width=\"791\" height=\"630\" title=\"\" srcset=\"https:\/\/ucuzspotcu.com\/cikma\/wp-content\/uploads\/2024\/06\/ikinci-el-demir-kesme-makinesi-1.png 791w, https:\/\/ucuzspotcu.com\/cikma\/wp-content\/uploads\/2024\/06\/ikinci-el-demir-kesme-makinesi-1-300x239.png 300w, https:\/\/ucuzspotcu.com\/cikma\/wp-content\/uploads\/2024\/06\/ikinci-el-demir-kesme-makinesi-1-768x612.png 768w, https:\/\/ucuzspotcu.com\/cikma\/wp-content\/uploads\/2024\/06\/ikinci-el-demir-kesme-makinesi-1-600x478.png 600w\" sizes=\"auto, (max-width: 791px) 100vw, 791px\" \/><\/p>\n","protected":false},"excerpt":{"rendered":"<p><strong>sahibinden 2. el \u015ferit testere makinas\u0131 DEM\u0130R KESME YATAR TESTERE<\/strong> | Tala\u015fl\u0131 \u0130malat Makinalar\u0131-Daire Testere 2. el g\u00f6nye kesim makinas\u0131 fiyatlar\u0131 Ikinci El Demir Kesme Demir Kesme ve B\u00fckme Makinesi Nida Kereste S\u0131f\u0131r ve 2. El \u0130n\u015faat Malzemeleri. A. \u015e. B\u00fckme Makinalar\u0131. Kullan\u0131lm\u0131\u015f makine ikinci el CNC 2. el g\u00f6nye kesim makinas\u0131 sahibinden 2. el \u015ferit testere makinas\u0131 \u0130n\u015faat makineleri imalat\u0131, in\u015faat malzemeleri ve teknik h\u0131rdavat konusunda tecr\u00fcbe ve fiyatlar\u0131<\/p>\n","protected":false},"featured_media":422,"template":"","meta":[],"product_brand":[],"product_cat":[31],"product_tag":[],"class_list":{"0":"post-420","1":"product","2":"type-product","3":"status-publish","4":"has-post-thumbnail","6":"product_cat-ikinci-el-is-makineleri","8":"first","9":"instock","10":"sale","11":"shipping-taxable","12":"purchasable","13":"product-type-simple"},"_links":{"self":[{"href":"https:\/\/ucuzspotcu.com\/cikma\/wp-json\/wp\/v2\/product\/420","targetHints":{"allow":["GET"]}}],"collection":[{"href":"https:\/\/ucuzspotcu.com\/cikma\/wp-json\/wp\/v2\/product"}],"about":[{"href":"https:\/\/ucuzspotcu.com\/cikma\/wp-json\/wp\/v2\/types\/product"}],"wp:featuredmedia":[{"embeddable":true,"href":"https:\/\/ucuzspotcu.com\/cikma\/wp-json\/wp\/v2\/media\/422"}],"wp:attachment":[{"href":"https:\/\/ucuzspotcu.com\/cikma\/wp-json\/wp\/v2\/media?parent=420"}],"wp:term":[{"taxonomy":"product_brand","embeddable":true,"href":"https:\/\/ucuzspotcu.com\/cikma\/wp-json\/wp\/v2\/product_brand?post=420"},{"taxonomy":"product_cat","embeddable":true,"href":"https:\/\/ucuzspotcu.com\/cikma\/wp-json\/wp\/v2\/product_cat?post=420"},{"taxonomy":"product_tag","embeddable":true,"href":"https:\/\/ucuzspotcu.com\/cikma\/wp-json\/wp\/v2\/product_tag?post=420"}],"curies":[{"name":"wp","href":"https:\/\/api.w.org\/{rel}","templated":true}]}}