{"id":417,"date":"2024-06-09T17:53:31","date_gmt":"2024-06-09T14:53:31","guid":{"rendered":"https:\/\/ucuzspotcu.com\/cikma\/?post_type=product&#038;p=417"},"modified":"2024-06-09T17:53:31","modified_gmt":"2024-06-09T14:53:31","slug":"cikma-santiye-ranzasi-yeni-urunler-120-adet-ikinci-el-ranza","status":"publish","type":"product","link":"https:\/\/ucuzspotcu.com\/cikma\/urun\/cikma-santiye-ranzasi-yeni-urunler-120-adet-ikinci-el-ranza\/","title":{"rendered":"\u00c7\u0131kma \u015fantiye ranzas\u0131 yeni \u00fcr\u00fcnler 120 adet ikinci el ranza"},"content":{"rendered":"<div id=\"attachment_418\" style=\"width: 721px\" class=\"wp-caption aligncenter\"><img loading=\"lazy\" decoding=\"async\" aria-describedby=\"caption-attachment-418\" class=\"wp-image-418 size-full\" title=\"\u00e7\u0131kma \u015fantiye ranzas\u0131\" src=\"https:\/\/ucuzspotcu.com\/cikma\/wp-content\/uploads\/2024\/06\/cikma-santiye-ranzasi-1.png\" alt=\"\" width=\"711\" height=\"633\" srcset=\"https:\/\/ucuzspotcu.com\/cikma\/wp-content\/uploads\/2024\/06\/cikma-santiye-ranzasi-1.png 711w, https:\/\/ucuzspotcu.com\/cikma\/wp-content\/uploads\/2024\/06\/cikma-santiye-ranzasi-1-300x267.png 300w, https:\/\/ucuzspotcu.com\/cikma\/wp-content\/uploads\/2024\/06\/cikma-santiye-ranzasi-1-600x534.png 600w\" sizes=\"auto, (max-width: 711px) 100vw, 711px\" \/><p id=\"caption-attachment-418\" class=\"wp-caption-text\">\u00e7\u0131kma \u015fantiye ranzas\u0131<\/p><\/div>\n<p><img loading=\"lazy\" decoding=\"async\" class=\"aligncenter size-full wp-image-419\" src=\"https:\/\/ucuzspotcu.com\/cikma\/wp-content\/uploads\/2024\/06\/cikma-santiye-ranzasi-2.png\" alt=\"\" width=\"859\" height=\"570\" title=\"\" srcset=\"https:\/\/ucuzspotcu.com\/cikma\/wp-content\/uploads\/2024\/06\/cikma-santiye-ranzasi-2.png 859w, https:\/\/ucuzspotcu.com\/cikma\/wp-content\/uploads\/2024\/06\/cikma-santiye-ranzasi-2-300x199.png 300w, https:\/\/ucuzspotcu.com\/cikma\/wp-content\/uploads\/2024\/06\/cikma-santiye-ranzasi-2-768x510.png 768w, https:\/\/ucuzspotcu.com\/cikma\/wp-content\/uploads\/2024\/06\/cikma-santiye-ranzasi-2-600x398.png 600w\" sizes=\"auto, (max-width: 859px) 100vw, 859px\" \/><\/p>\n","protected":false},"excerpt":{"rendered":"<p>\u00e7\u0131kma \u015fantiye ranzas\u0131  ikinci el musluklar Ranza \u00c7e\u015fitleri.<br \/>\nsahibinden 2.el ranzalar \u00fcr\u00fcnler 120 kiloya kadar a\u011f\u0131r i\u015f\u00e7ileri bile ta\u015f\u0131yabilecek kadar sa\u011flam ve Demonte \u00f6zelli\u011fe<br \/>\nUcuz ranza fiyatlar\u0131 ikinci el<br \/>\n2. el demir ranza fiyatlar\u0131 Ah\u015fap ve \u00e7at\u0131 makas\u0131 8 adet. \u015eantiyeler i\u00e7in Metal Ranzalar Uygun Fiyata \u0130n\u015faat Ranzalar\u0131 i\u00e7in Hemen Fiyat  \u00e7\u0131kma ve temiz batarya lavabo musluklar\u0131<\/p>\n","protected":false},"featured_media":418,"template":"","meta":[],"product_brand":[],"product_cat":[15],"product_tag":[35],"class_list":{"0":"post-417","1":"product","2":"type-product","3":"status-publish","4":"has-post-thumbnail","6":"product_cat-ikinci-el-esya","7":"product_tag-ikinci-el-ranza","9":"first","10":"instock","11":"sale","12":"shipping-taxable","13":"purchasable","14":"product-type-simple"},"_links":{"self":[{"href":"https:\/\/ucuzspotcu.com\/cikma\/wp-json\/wp\/v2\/product\/417","targetHints":{"allow":["GET"]}}],"collection":[{"href":"https:\/\/ucuzspotcu.com\/cikma\/wp-json\/wp\/v2\/product"}],"about":[{"href":"https:\/\/ucuzspotcu.com\/cikma\/wp-json\/wp\/v2\/types\/product"}],"wp:featuredmedia":[{"embeddable":true,"href":"https:\/\/ucuzspotcu.com\/cikma\/wp-json\/wp\/v2\/media\/418"}],"wp:attachment":[{"href":"https:\/\/ucuzspotcu.com\/cikma\/wp-json\/wp\/v2\/media?parent=417"}],"wp:term":[{"taxonomy":"product_brand","embeddable":true,"href":"https:\/\/ucuzspotcu.com\/cikma\/wp-json\/wp\/v2\/product_brand?post=417"},{"taxonomy":"product_cat","embeddable":true,"href":"https:\/\/ucuzspotcu.com\/cikma\/wp-json\/wp\/v2\/product_cat?post=417"},{"taxonomy":"product_tag","embeddable":true,"href":"https:\/\/ucuzspotcu.com\/cikma\/wp-json\/wp\/v2\/product_tag?post=417"}],"curies":[{"name":"wp","href":"https:\/\/api.w.org\/{rel}","templated":true}]}}